{"id":25,"date":"2020-08-04T15:55:08","date_gmt":"2020-08-04T12:55:08","guid":{"rendered":"https:\/\/aniga.me\/pl\/?page_id=25"},"modified":"2026-02-13T15:52:38","modified_gmt":"2026-02-13T14:52:38","slug":"swordmasters","status":"publish","type":"page","link":"https:\/\/aniga.me\/pl\/swordmasters\/","title":{"rendered":"Sword Masters"},"content":{"rendered":"<div id=\"pl-25\"  class=\"panel-layout\" ><div id=\"pg-25-0\"  class=\"panel-grid panel-no-style\" ><div id=\"pgc-25-0-0\"  class=\"panel-grid-cell\" ><div id=\"panel-25-0-0-0\" class=\"widget_text so-panel widget widget_custom_html panel-first-child\" data-index=\"0\" ><div class=\"widget_text block1 panel-widget-style panel-widget-style-for-25-0-0-0\" ><div class=\"textwidget custom-html-widget\"><div class=\"form_outer\">\n\t<div id=\"osdk-auth-widget-holder\"><div id=\"loader\"><\/div><\/div>\n    <script>\n    !function(a,b,c,d){a._osdkAuthFn=d,a[d]=a[d]||function(){(a[d].cs=a[d].cs||[]).push(arguments)};var e=b.createElement(\"script\"),f=b.getElementsByTagName(\"script\")[0];e.async=1,e.src=c,f.parentNode.insertBefore(e,f)}(window,document,\"\/\/ostatic.ab788933.me\/auth\/js\/widget.js?v=1\",\"osdkAuthWidget\");\n\n    osdkAuthWidget({\n        service: 'auth.ab788933.me',\n        holder: 'osdk-auth-widget-holder',\n        width: 400,\n        height: 820,\n        returnTo: 'https:\/\/aniga.me\/pl\/swordmasters\/game\/',\n        consumer: 'portal-sa.ani-pl',\n        locale: 'pl_PL',\n        stylesUrl: 'https:\/\/aniga.me\/cdn\/auth-custom-theme\/sao2-form2.pl.css?v=2111',\n        eula: 'games'\n    });\n    <\/script>\n<\/div>\n<div class=\"btn_outer\">\n\t<img class=\"pers\" src=\"https:\/\/animaga.me\/pl\/wp-content\/themes\/anigame\/img\/pl\/sm\/b1\/pers.png\">\n\t<img class=\"logos\" src=\"https:\/\/animaga.me\/pl\/wp-content\/themes\/anigame\/img\/pl\/sm\/b1\/logo.png\">\n\t<a class=\"play_btn\"><\/a>\n<\/div><\/div><\/div><\/div><div id=\"panel-25-0-0-1\" class=\"widget_text so-panel widget widget_custom_html\" data-index=\"1\" ><div class=\"widget_text block2 panel-widget-style panel-widget-style-for-25-0-0-1\" ><div class=\"textwidget custom-html-widget\"><img id=\"txt_pic\" src=\"\/pl\/wp-content\/themes\/anigame\/img\/pl\/sm\/b2\/title_deco.png\">\n<img id=\"pers1\" src=\"\/pl\/wp-content\/themes\/anigame\/img\/pl\/sm\/b2\/mobile_kirito.png\">\n<div class=\"sub_txt\">\n\tBy zagra\u0107, musisz po prostu pobra\u0107 plik APK, zainstalowa\u0107 go na swoim urz\u0105dzeniu i uruchomi\u0107 gr\u0119! Wszystkie Twoje post\u0119py z wersji przegl\u0105darkowej zostan\u0105 przeniesione do wersji mobilnej. Plik APK pobierzesz na naszej stronie, gdzie tak\u017ce znajdziesz wi\u0119cej informacji.\n<\/div>\n<a class=\"play_btn_mob\" href=\"\/pl\/\"><\/a><\/div><\/div><\/div><div id=\"panel-25-0-0-2\" class=\"widget_text so-panel widget widget_custom_html\" data-index=\"2\" ><div class=\"widget_text block3 panel-widget-style panel-widget-style-for-25-0-0-2\" ><div class=\"textwidget custom-html-widget\"><img id=\"b3_ttl\" src=\"\/pl\/wp-content\/themes\/anigame\/img\/pl\/sm\/b3\/logo.png\">\n<img id=\"pers\" src=\"\/pl\/wp-content\/themes\/anigame\/img\/pl\/sm\/b3\/pers_overlay.png\">\n<img id=\"pers_ext\" src=\"\/fr\/wp-content\/themes\/anigame\/img\/fr\/sm\/b3\/characters_overlay_1.png\">\n<img id=\"pers_ext_2\" src=\"\/fr\/wp-content\/themes\/anigame\/img\/fr\/sm\/b3\/characters_overlay_2.png\">\n<!--[metaslider id=\"30\"]-->\n<div id=\"gallery_1\">\n\t<a class=\"landing-gallery-itemLink act itemLink0\" href=\"https:\/\/aniga.me\/pl\/wp-content\/themes\/anigame\/img\/pl\/sm\/b3\/SAO2_screen_1.jpg\" title=\"\" rel=\"lightbox\">\n\t\t<img class=\"landing-gallery-item-img\" src=\"\/pl\/wp-content\/themes\/anigame\/img\/pl\/sm\/b3\/scr1_preview.png\" alt=\"1\" title=\"1\" \/>\n\t<\/a>\n\t<a class=\"landing-gallery-itemLink itemLink1\" href=\"https:\/\/aniga.me\/pl\/wp-content\/themes\/anigame\/img\/pl\/sm\/b3\/SAO2_screen_2.jpg\" title=\"\" rel=\"lightbox\">\n\t\t<img class=\"landing-gallery-item-img\" src=\"\/pl\/wp-content\/themes\/anigame\/img\/pl\/sm\/b3\/scr2_preview.png\" alt=\"2\" title=\"2\" \/>\n\t<\/a>\n\t<a class=\"landing-gallery-itemLink itemLink2\" href=\"https:\/\/aniga.me\/pl\/wp-content\/themes\/anigame\/img\/pl\/sm\/b3\/SAO2_screen_3.jpg\" title=\"\" rel=\"lightbox\">\n\t\t<img class=\"landing-gallery-item-img\" src=\"\/pl\/wp-content\/themes\/anigame\/img\/pl\/sm\/b3\/scr3_preview.png\" alt=\"3\" title=\"3\" \/>\n\t<\/a>\n\t<a class=\"landing-gallery-itemLink itemLink3\" href=\"https:\/\/aniga.me\/pl\/wp-content\/themes\/anigame\/img\/pl\/sm\/b3\/SAO2_screen_4.jpg\" title=\"\" rel=\"lightbox\">\n\t\t<img class=\"landing-gallery-item-img\" src=\"\/pl\/wp-content\/themes\/anigame\/img\/pl\/sm\/b3\/scr4_preview.png\" alt=\"4\" title=\"4\" \/>\n\t<\/a>\n\t<a class=\"landing-gallery-itemLink itemLink4\" href=\"https:\/\/aniga.me\/pl\/wp-content\/themes\/anigame\/img\/pl\/sm\/b3\/SAO2_screen_5.jpg\" title=\"\" rel=\"lightbox\">\n\t\t<img class=\"landing-gallery-item-img\" src=\"\/pl\/wp-content\/themes\/anigame\/img\/pl\/sm\/b3\/scr5_preview.png\" alt=\"5\" title=\"5\" \/>\n\t<\/a>\n\t<a class=\"landing-gallery-itemLink itemLink5\" href=\"https:\/\/aniga.me\/pl\/wp-content\/themes\/anigame\/img\/pl\/sm\/b3\/SAO2_screen_6.jpg\" title=\"\" rel=\"lightbox\">\n\t\t<img class=\"landing-gallery-item-img\" src=\"\/pl\/wp-content\/themes\/anigame\/img\/pl\/sm\/b3\/scr6_preview.png\" alt=\"6\" title=\"6\" \/>\n\t<\/a>\n\t<a class=\"landing-gallery-itemLink itemLink6\" href=\"https:\/\/aniga.me\/pl\/wp-content\/themes\/anigame\/img\/pl\/sm\/b3\/SAO2_screen_7.jpg\" title=\"\" rel=\"lightbox\">\n\t\t<img class=\"landing-gallery-item-img\" src=\"\/pl\/wp-content\/themes\/anigame\/img\/pl\/sm\/b3\/scr7_preview.png\" alt=\"7\" title=\"7\" \/>\n\t<\/a>\n\t<a class=\"landing-gallery-itemLink itemLink7\" href=\"https:\/\/aniga.me\/pl\/wp-content\/themes\/anigame\/img\/pl\/sm\/b3\/SAO2_screen_8.jpg\" title=\"\" rel=\"lightbox\">\n\t\t<img class=\"landing-gallery-item-img\" src=\"\/pl\/wp-content\/themes\/anigame\/img\/pl\/sm\/b3\/scr8_preview.png\" alt=\"8\" title=\"8\" \/>\n\t<\/a>\n\t<a class=\"ar_l\"><\/a>\n\t<a class=\"ar_r\"><\/a>\n<\/div><\/div><\/div><\/div><div id=\"panel-25-0-0-3\" class=\"widget_text so-panel widget widget_custom_html panel-last-child\" data-index=\"3\" ><div class=\"widget_text block4 panel-widget-style panel-widget-style-for-25-0-0-3\" ><div class=\"textwidget custom-html-widget\"><p class=\"txt_underlay\">Sword Masters jest ciekaw\u0105, pe\u0142n\u0105 \u017cycia gr\u0105 MMORPG \u0142\u0105cz\u0105c\u0105 w sobie najlepsze aspekty tego gatunku. To nie tylko gra pe\u0142na funkcji, opcji i szczeg\u00f3\u0142owych krajobraz\u00f3w \u2013 to r\u00f3wnie\u017c \u015bwiat, w kt\u00f3rym czekaj\u0105 pu\u0142apki i wyzwania, pe\u0142en niebezpiecze\u0144stw i przeszk\u00f3d. \u015awiat, w kt\u00f3rym nie mo\u017cna pozosta\u0107 oboj\u0119tnym. Zr\u00f3\u017cnicowanej rozgrywce i dobrze zr\u00f3wnowa\u017conym poziomom towarzyszy epicka fabu\u0142a. Poprowad\u017a dru\u017cyn\u0119 odwa\u017cnych bohater\u00f3w, trenuj ich w boju, ulepszaj ich wyposa\u017cenie i umiej\u0119tno\u015bci \u2013 wyruszcie razem poszukiwa\u0107 przyg\u00f3d! <\/p>\n<div class=\"outer_her\">\n\t<img src=\"\/pl\/wp-content\/themes\/anigame\/img\/pl\/sm\/b4\/cells.png\">\n\t<span class=\"t1\">Wyj\u0105tkowa fabu\u0142a<\/span>\n\t<span class=\"t2\">Anga\u017cuj\u0105cy, dynamiczny system walki<\/span>\n\t<span class=\"t3\">Animacja w stylu anime<\/span>\n\t<span class=\"t4\">Bitwy grupowe i solowe<\/span>\n\t<span class=\"t5\">Wiele tryb\u00f3w PvP i PvE<\/span>\n<\/div>\n\n<a href=\"\/pl\/swordmasters\/news\/\" class=\"news_link\"><\/a> <\/div><\/div><\/div><\/div><\/div><\/div>","protected":false},"excerpt":{"rendered":"<p>By zagra\u0107, musisz po prostu pobra\u0107 plik APK, zainstalowa\u0107 go na swoim urz\u0105dzeniu i uruchomi\u0107 gr\u0119! Wszystkie Twoje post\u0119py z wersji przegl\u0105darkowej zostan\u0105 przeniesione do wersji mobilnej. Plik APK pobierzesz na naszej stronie, gdzie tak\u017ce znajdziesz wi\u0119cej informacji. Sword Masters jest ciekaw\u0105, pe\u0142n\u0105 \u017cycia gr\u0105 MMORPG \u0142\u0105cz\u0105c\u0105 w sobie najlepsze aspekty tego gatunku. To nie &hellip; <\/p>\n<p class=\"link-more\"><a href=\"https:\/\/aniga.me\/pl\/swordmasters\/\" class=\"more-link\">Czytaj dalej<span class=\"screen-reader-text\"> Sword Masters<\/span><\/a><\/p>\n","protected":false},"author":1,"featured_media":0,"parent":0,"menu_order":0,"comment_status":"closed","ping_status":"closed","template":"","meta":[],"_links":{"self":[{"href":"https:\/\/aniga.me\/pl\/wp-json\/wp\/v2\/pages\/25"}],"collection":[{"href":"https:\/\/aniga.me\/pl\/wp-json\/wp\/v2\/pages"}],"about":[{"href":"https:\/\/aniga.me\/pl\/wp-json\/wp\/v2\/types\/page"}],"author":[{"embeddable":true,"href":"https:\/\/aniga.me\/pl\/wp-json\/wp\/v2\/users\/1"}],"replies":[{"embeddable":true,"href":"https:\/\/aniga.me\/pl\/wp-json\/wp\/v2\/comments?post=25"}],"version-history":[{"count":63,"href":"https:\/\/aniga.me\/pl\/wp-json\/wp\/v2\/pages\/25\/revisions"}],"predecessor-version":[{"id":900,"href":"https:\/\/aniga.me\/pl\/wp-json\/wp\/v2\/pages\/25\/revisions\/900"}],"wp:attachment":[{"href":"https:\/\/aniga.me\/pl\/wp-json\/wp\/v2\/media?parent=25"}],"curies":[{"name":"wp","href":"https:\/\/api.w.org\/{rel}","templated":true}]}}