{"id":99,"date":"2020-08-18T16:56:44","date_gmt":"2020-08-18T13:56:44","guid":{"rendered":"https:\/\/aniga.me\/fr\/?page_id=99"},"modified":"2020-10-16T18:20:49","modified_gmt":"2020-10-16T15:20:49","slug":"games","status":"publish","type":"page","link":"https:\/\/aniga.me\/fr\/agreements\/games\/","title":{"rendered":"La Politique de confidentialit\u00e9 et de cookies"},"content":{"rendered":"<p>La Politique de confidentialit\u00e9 et de cookies<\/p>\n<p>LUCK ONLINE LLC s\u2019engage \u00e0 prot\u00e9ger les droits \u00e0 la vie priv\u00e9e de ses Utilisateurs en ligne (\u00ab Vous \u00bb ou \u00ab Utilisateurs \u00bb). La pr\u00e9sente Politique de confidentialit\u00e9 et de cookies vise \u00e0 Vous informer de la fa\u00e7on dont LUCK ONLINE LLC collecte, stocke, utilise et g\u00e8re les informations fournies par Vous lors de l\u2019utilisation des jeux ou applications de LUCK ONLINE LLC (\u00ab les Services \u00bb).<br \/>\nConform\u00e9ment au R\u00e8glement g\u00e9n\u00e9ral sur la protection des donn\u00e9es (\u00ab RGPD \u00bb) publi\u00e9 par l\u2019Union europ\u00e9enne (\u00ab l\u2019UE \u00bb), nous sommes le contr\u00f4leur de donn\u00e9es. Si vous avez des questions concernant la confidentialit\u00e9, veuillez contacter notre Responsable de protection des donn\u00e9es par courriel : https:\/\/aniga.me\/fr\/support\/.<br \/>\nLa pr\u00e9sente Politique de confidentialit\u00e9 et de cookies peut \u00eatre p\u00e9riodiquement mise \u00e0 jour. Nous vous informerons de toute sa modification en publiant la nouvelle Politique de confidentialit\u00e9 et de cookies sur le site web. Nous vous recommandons de consulter r\u00e9guli\u00e8rement la pr\u00e9sente Politique de confidentialit\u00e9 et de cookies pour toute modification.<br \/>\n1. Collecte et utilisation d\u2019informations<br \/>\nL\u2019objectif principal de LUCK ONLINE LLC lors de la collecte de vos informations est d\u2019exploiter et d\u2019am\u00e9liorer nos Services et logiciels pour Vous permettre de naviguer facilement les Services et de profiter de ceux-ci. Les informations que nous collectons d\u00e9pendent des Services utilis\u00e9s par vous et de la mani\u00e8re dont Vous les utilisez.<br \/>\n1.1 Informations personnelles fournies directement par Vous<br \/>\nLes donn\u00e9es personnelles fournies par Vous sont n\u00e9cessaires \u00e0 l\u2019ex\u00e9cution de l\u2019accord, aux fins de la validation et la r\u00e9alisation des transactions, la r\u00e9alisation des conditions de licence et la gestion de vos demandes.<br \/>\nNous collecterons vos donn\u00e9es personnelles lors de votre interaction avec nos Services, notamment : lorsque vous vous inscrivez aupr\u00e8s de nous via les Services et cr\u00e9ez un compte ; ou lorsque vous effectuez un achat via les Services; ou lorsque vous pr\u00e9sentez et\/ou vendez des marchandises, du contenu ou des jeux via les Services ; ou lorsque vous demandez de l\u2019assistance technique ; ou lorsque vous t\u00e9l\u00e9chargez, enregistrez et\/ou installez un logiciel ; ou lorsque vous publiez du contenu via les Services.\u2028<br \/>\nCes donn\u00e9es personnelles comprennent :<br \/>\n\u2022    Votre nom d\u2019utilisateur, l\u2019adresse de courriel, le pays et le mot de passe ;<br \/>\n\u2022    Les informations sur votre compte de LUCK ONLINE LLC ;<br \/>\n\u2022    Les questions et r\u00e9ponses concernant la s\u00e9curit\u00e9 ;<br \/>\n\u2022    Les informations que vous fournissez lorsque vous nous demandez de l\u2019assistance, telles que votre nom et les enregistrements des probl\u00e8mes que vous avez rencontr\u00e9s ;<br \/>\n\u2022    Les informations que vous fournissez pour participer \u00e0 un concours ou \u00e0 un tirage au sort. Si vous y gagnez, nous pourrions avoir besoin de collecter les donn\u00e9es telles que votre adresse postale et\/ou votre pi\u00e8ce d\u2019identit\u00e9 nationale aux fins de la confirmation de votre \u00e9ligibilit\u00e9, de la livraison du prix, ainsi qu\u2019\u00e0 des fins fiscales.<br \/>\nIl est \u00e0 noter que les achats de marchandises virtuelles offertes via les Services sont g\u00e9r\u00e9s par un tiers ; par cons\u00e9quent, LUCK ONLINE LLC n\u2019a pas acc\u00e8s \u00e0 vos informations de paiement et de facturation.<br \/>\n1.2 Autres informations \u00e0 collecter lorsque vous utilisez nos Services<br \/>\nLorsque Vous utilisez nos produits, nous collectons automatiquement d\u2019autres informations, y compris :\u2028<br \/>\n\u2022    L\u2019adresse IP ;<br \/>\n\u2022    Les identifiants des appareils mobiles et autres ;<br \/>\n\u2022    Les informations sur votre navigateur, y compris le type de navigateur et vos pr\u00e9f\u00e9rences linguistiques ;<br \/>\n\u2022    Les pages recommand\u00e9es et les pages de sortie, y compris les pages d\u2019autorisation et les pages visit\u00e9es ;<br \/>\n\u2022    Le type de plate-forme ;<br \/>\n\u2022    Les informations sur vos supports, appareils, mat\u00e9riels et logiciels, tels que les param\u00e8tres de vos appareils et accessoires, les logiciels et les mises \u00e0 jour que vous avez install\u00e9s ou utilis\u00e9s, et la disponibilit\u00e9 des plug-ins requis ;<br \/>\n\u2022    Les d\u00e9tails des Services que vous utilisez et de votre utilisation des Services ;<br \/>\n\u2022    Les informations sur les \u00e9v\u00e9nements de l\u2019appareil, y compris les rapports d\u2019incidents, les adresses URL demand\u00e9es et recommand\u00e9es et les d\u00e9tails de l\u2019activit\u00e9 du syst\u00e8me ;<br \/>\n\u2022    Votre achat de tout produit virtuel ou d\u2019autres \u00e9v\u00e9nements commerciaux ;<br \/>\n\u2022    Les \u00e9v\u00e9nements de progression qui sont utilis\u00e9s pour marquer votre progression ou votre \u00e9volution au sein du jeu ;<br \/>\n\u2022    Les \u00e9v\u00e9nements de ressources, tels que les monnaies virtuelles que vous recevez ou d\u00e9pensez au sein du jeux ;<br \/>\n\u2022    Les \u00e9v\u00e9nements des conceptions utilis\u00e9es pour suivre votre comportement dans le jeu, qui peuvent \u00eatre associ\u00e9s \u00e0 n\u2019importe quel aspect de la conception du jeu, y compris, mais sans s\u2019y limiter : la conception d\u2019un niveau ou d\u2019un personnage, de bonus, d\u2019interactions sociales, etc. ;<br \/>\n\u2022    Les \u00e9v\u00e9nements d\u2019erreur tels que les erreurs survenues au cours de votre utilisation d\u2019un jeu ;<br \/>\n\u2022    Les champs personnalis\u00e9s contenant tous les param\u00e8tres du jeu d\u00e9finis par vous.<br \/>\n1.3 Informations fournies par des tiers<br \/>\nEn vous inscrivant \u00e0 nos produits via des plates-formes tierces, Vous consentez \u00e0 nous fournir les informations de votre compte pour les plates-formes tierces sur lesquelles nous pourrons cr\u00e9er un compte de LUCK ONLINE LLC en votre nom. Vous avez besoin d\u2019un compte de LUCK ONLINE LLC pour pouvoir utiliser les produits de LUCK ONLINE LLC sur ces plates-formes. Nous pouvons recevoir de la part de ces tiers vos informations personnelles que vous avez fournies \u00e0 ces tiers, telles que votre nom, votre adresse de courriel, votre identifiant en ligne, votre pays, etc. Nous ne collectons pas votre num\u00e9ro de carte de cr\u00e9dit ou d\u2019autres informations financi\u00e8res.<br \/>\nCes tiers \/ plates-formes tierces incluent, sans s\u2019y limiter :<br \/>\n\u2022    Plates-formes mobiles ;<br \/>\n\u2022    Facebook ;<br \/>\n\u2022    Google Play ;<br \/>\n\u2022    APP Store.<br \/>\nLUCK ONLINE LLC peut combiner et\/ou analyser vos informations du jeu afin d\u2019am\u00e9liorer l\u2019ensemble des Services. Nous pr\u00e9cisons par les pr\u00e9sentes que nous ne prendrons jamais sur cette base aucune d\u00e9cision qui puisse avoir pour vous des cons\u00e9quences juridiques ou similaires importantes. Notre objectif est limit\u00e9 \u00e0 vous fournir une meilleure exp\u00e9rience utilisateur, tout en am\u00e9liorant nos Services.\u2028<br \/>\nSi vous souhaitez que nous ne traitions plus vos donn\u00e9es personnelles, vous pouvez nous demander \u00e0 tout moment de cesser la collecte et le traitement de vos donn\u00e9es personnelles. Veuillez consulter la section 3 ci-dessous pour savoir comment proc\u00e9der \u00e0 ces fins.<br \/>\n2. Options<br \/>\nVous pouvez opter pour nous fournir vos informations personnelles et nous autoriser \u00e0 partager vos informations. En r\u00e8gle g\u00e9n\u00e9rale, nous ne demandons que les informations personnelles qui sont n\u00e9cessaires pour fournir le Service que vous avez demand\u00e9. Vous pouvez consentir la collecte ou r\u00e9voquer votre Consentement. Si vous d\u00e9cidez de r\u00e9voquer votre consentement, veuillez contacter via https:\/\/aniga.me\/fr\/support\/ pour faire exercer votre d\u00e9cision. Cependant, toute r\u00e9vocation de votre consentement n\u2019aura aucun effet sur le traitement de vos informations avant cette r\u00e9vocation. Dans certains cas, votre r\u00e9vocation de consentement ou votre d\u00e9cision de ne pas partager vos informations avec nous peut d\u00e9t\u00e9riorer nos Services.<br \/>\n3. Modification ou suppression de vos informations<br \/>\nAux termes du RGPD (le cas \u00e9ch\u00e9ant), Vous b\u00e9n\u00e9ficiez de certains droits en tant que personne concern\u00e9e, \u00e0 savoir le droit de : (i) demander l\u2019acc\u00e8s \u00e0 et la rectification de vos donn\u00e9es personnelles ; (ii) demander de restreindre ou vous opposer au traitement de vos donn\u00e9es personnelles ; et (iii) demander qu\u2019une copie de vos donn\u00e9es personnelles soit fournie dans un format num\u00e9rique \u00e0 Vous ou \u00e0 un tiers ; et (iv) vous renseigner aupr\u00e8s de nous sur la mani\u00e8re dont vos donn\u00e9es personnelles sont utilis\u00e9es par nous ; (v) demander de supprimer vos donn\u00e9es personnelles si LUCK ONLINE LLC n\u2019est pas l\u00e9galement tenue de stocker vos donn\u00e9es personnelles ; et\/ou tout autre droit pr\u00e9vu par les lois applicables en mati\u00e8re de protection des donn\u00e9es.<br \/>\nSi vous voulez exercer l\u2019un de vos droits ci-dessus, veuillez contacter LUCK ONLINE LLC via https:\/\/aniga.me\/fr\/support\/. S\u2019il vous pla\u00eet notez que, si vos donn\u00e9es personnelles sont effac\u00e9es\/supprim\u00e9es ou compl\u00e8tement transf\u00e9r\u00e9es \u00e0 un tiers, votre compte peut \u00eatre d\u00e9sactiv\u00e9. Si vous \u00eates un visiteur ou un utilisateur d\u2019un pays en dehors de l\u2019UE, vos donn\u00e9es personnelles seront directement collect\u00e9es, trait\u00e9es et stock\u00e9es au sein des installations sur lesquelles nous exer\u00e7ons nos activit\u00e9s commerciales. Quel que soit l\u2019endroit o\u00f9 nous collectons les informations personnelles, nous prendrons des mesures commerciales pour prot\u00e9ger vos droits \u00e0 la confidentialit\u00e9 conform\u00e9ment \u00e0 la section 6 des pr\u00e9sentes. Si vous ne consentez pas la collecte, le traitement, le stockage et le transfert de vos informations personnelles, veuillez ne pas fournir vos informations lorsque celles-ci sont demand\u00e9es et cesser d\u2019utiliser les Services.<br \/>\n4. Partage ou divulgation d\u2019informations<br \/>\nNous ne partageons les informations personnelles qui vous identifient directement avec des tiers non affili\u00e9s, que pour fournir les produits ou Services que vous avez demand\u00e9s, ou lorsque la LUCK ONLINE LLC y est autoris\u00e9e par vous, ou dans les cas suivants :<br \/>\n\u2022    Pour des raisons juridiques ;<br \/>\n\u2022    Pour r\u00e9aliser les conditions d\u2019utilisation applicables, y compris les investigations sur les contraventions potentielles ;<br \/>\n\u2022    Pour d\u00e9tecter, pr\u00e9venir ou r\u00e9soudre les probl\u00e8mes de fraude, de s\u00e9curit\u00e9 ou techniques ;<br \/>\n\u2022    Pour assurer la protection contre les atteintes aux droits, \u00e0 la propri\u00e9t\u00e9 ou \u00e0 la s\u00e9curit\u00e9 de LUCK ONLINE LLC, de Vous-m\u00eames ou du public g\u00e9n\u00e9ral dans les limites exig\u00e9es ou autoris\u00e9es par la loi ;<br \/>\n\u2022    Pour fournir les Services dont Vous avez besoin. Si nous engageons un tiers pour fournir une partie des Services que Vous avez demand\u00e9s ou pour nous aider \u00e0 analyser nos Services ou les informations collect\u00e9es sur Vous (sous r\u00e9serve de votre consentement), LUCK ONLINE LLC peut fournir vos informations \u00e0 ce tiers, ou ce tiers peut collecter des informations aupr\u00e8s de Vous en notre nom. Lorsque nos agents ou prestataires de services tiers collectent ou re\u00e7oivent vos informations personnelles, nous exigeons qu\u2019ils utilisent ces informations dans la mesure o\u00f9 cela est n\u00e9cessaire et strictement aux fins de la pr\u00e9sente Politique et selon les m\u00eames normes qui sont conformes \u00e0 celle-ci.<br \/>\nEn outre, nous pouvons divulguer des informations Vous concernant \u00e0 des tiers dans le cadre d\u2019une r\u00e9organisation d\u2019entreprise, d\u2019une absorption ou d\u2019une fusion, ou de la vente de la totalit\u00e9 ou de la quasi-totalit\u00e9 de nos actifs, et nous devrons obtenir votre consentement pour le faire si requis par la loi.<br \/>\nEnfin, nous allons crypter, regrouper et\/ou anonymiser les informations collect\u00e9es aupr\u00e8s de vous ou autrement afin que ces informations ne vous identifient pas. L\u2019utilisation et la divulgation par nous d\u2019informations regroup\u00e9es, anonymis\u00e9es et autrement non identifiables ne sont soumises \u00e0 aucune restriction en vertu de cette Politique de confidentialit\u00e9 et de cookies, et nous pouvons divulguer ces informations \u00e0 des tiers sans aucune restriction \u00e0 quelque fin que ce soit, y compris leur divulgation \u00e0 des d\u00e9veloppeurs de jeux, agences de publicit\u00e9s, maisons d\u2019\u00e9dition, nos partenaires commerciaux, sponsors et d\u2019autres tiers.<br \/>\n5. Transfert international<br \/>\nAux fins de cette Politique, vos informations peuvent \u00eatre transf\u00e9r\u00e9es ou transmises vers d\u2019autres pays en dehors de la juridiction o\u00f9 vous r\u00e9sidez, pour leur stockage et traitement. Ces transferts d\u2019informations sont n\u00e9cessaires pour fournir les Services d\u00e9crits dans les pr\u00e9sentes. Si vos donn\u00e9es personnelles sont transf\u00e9r\u00e9es vers un pays qui n\u2019assure pas un niveau de protection similaire ou ad\u00e9quat par rapport aux lois de votre pays, nous traiterons tout de m\u00eame vos donn\u00e9es personnelles avec les mesures de protection d\u00e9crites dans cette Politique. Nous allons proc\u00e9der conform\u00e9ment aux dispositions contractuelles standards, aux r\u00e8gles d\u2019entreprise juridiquement contraignantes et \u00e0 d\u2019autres mesures l\u00e9gales afin de faire \u00e9tablir des mesures de protection ad\u00e9quates qui puissent garantir la protection de vos donn\u00e9es personnelles par la pr\u00e9sente Politique de confidentialit\u00e9 et de cookies.<br \/>\n6. S\u00e9curit\u00e9 et pr\u00e9servation<br \/>\nLUCK ONLINE LLC a mis en place des mesures techniques et organisationnelles raisonnables pour prot\u00e9ger vos informations personnelles contre la perte accidentelle et l\u2019acc\u00e8s, l\u2019utilisation, la modification ou la divulgation non autoris\u00e9s. Toutefois, LUCK ONLINE LLC ne peut pas garantir que les mesures de s\u00e9curit\u00e9 actuelles soient totalement impeccables. En outre, nous ne sommes pas responsables de la divulgation de vos informations personnelles r\u00e9sultant de la divulgation de vos informations personnelles par vous au public g\u00e9n\u00e9ral et\/ou de l\u2019utilisation inappropri\u00e9e de nos Services. Nous ne conserverons pas vos informations et vos donn\u00e9es au-del\u00e0 de la p\u00e9riode n\u00e9cessaire et la dur\u00e9e de l\u2019accord avec vous, sauf si nous sommes l\u00e9galement tenus de conserver vos informations, notamment, pour r\u00e9soudre les diff\u00e9rends, pour faire respecter nos Conditions d\u2019utilisation ou d\u2019autres accords d\u2019utilisation, ou pour nous conformer aux exigences l\u00e9gales ; dans ce cas, vos informations personnelles seront prot\u00e9g\u00e9es de l\u2019utilisation \u00e0 toute autre fin.<br \/>\n7. Cookies<br \/>\nUn cookie est un petit fichier de donn\u00e9es que LUCK ONLINE LLC envoie vers le disque dur de votre ordinateur \u00e0 des fins de tenue de registres, g\u00e9n\u00e9ralement, pour identifier rapidement l\u2019ordinateur utilisateur et pour \u00ab m\u00e9moriser \u00bb les \u00e9l\u00e9ments de la visite de l\u2019utilisateur. Le serveur envoie des cookies vers votre ordinateur lorsque vous acc\u00e9dez ou visualisez le contenu d\u2019un jeu de LUCK ONLINE LLC. Les informations contenues dans un cookie peuvent \u00eatre associ\u00e9es \u00e0 vos informations personnelles \u00e0 des fins telles que l\u2019am\u00e9lioration de la qualit\u00e9 de nos Services, l\u2019adaptation des recommandations \u00e0 vos int\u00e9r\u00eats et la facilitation de l\u2019utilisation des Services. Vous pouvez d\u00e9sactiver les cookies pour toute p\u00e9riode de temps, pendant laquelle vous ne pourrez pas probablement utiliser certaines parties ou fonctionnalit\u00e9s des Services. LUCK ONLINE LLC a des partenaires tiers qui nous fournissent des services d\u2019analyse et de marketing. Pour optimiser l\u2019exp\u00e9rience utilisateur fournie par nos Services, nous pouvons autoriser ces tiers \u00e0 installer sur votre navigateur des cookies qui collectent des informations sur votre utilisation des Services. Nous n\u2019avons pas acc\u00e8s aux cookies, et notre politique en mati\u00e8re de cookies ne r\u00e9git pas l\u2019utilisation de cookies ou d\u2019autres outils qui puissent \u00eatre enregistr\u00e9es sur votre appareil \u00e9lectronique par des engins publicitaires, des serveurs publicitaires ou des r\u00e9seaux publicitaires non affili\u00e9s et tiers. Les cookies de la s\u00e9ance sont supprim\u00e9s de votre ordinateur lorsque vous fermez votre navigateur. Dans le menu des options de votre navigateur, vous pouvez le configurer de mani\u00e8re \u00e0 ne plus accepter les cookies ou \u00e0 vous avertir avant d\u2019accepter un cookie des sites web que vous visitez.<br \/>\n8. Politique concernant les enfants<br \/>\nNous avons assum\u00e9 une obligation particuli\u00e8re de prot\u00e9ger les informations personnelles obtenues aupr\u00e8s des enfants. Les Services sont destin\u00e9s au public g\u00e9n\u00e9ral, et LUCK ONLINE LLC ne collecte intentionnellement aucune information personnelle aupr\u00e8s des enfants. Lorsque les utilisateurs s\u2019identifient comme des enfants (\u00e0 savoir, \u00e2g\u00e9s de moins de 16 ans ou l\u2019\u00e2ge minimum sur le territoire concern\u00e9), en vertu de la loi applicable, nous obtiendrons le consentement des parents pour la collecte, l\u2019utilisation et le partage des informations personnelles de leurs enfants. Les informations collect\u00e9es sont prot\u00e9g\u00e9es conform\u00e9ment \u00e0 la pr\u00e9sente Politique de confidentialit\u00e9 et de cookies. Si nous apportons des changements importants \u00e0 la mani\u00e8re dont nous utilisons, collectons ou partageons les informations personnelles des enfants, nous en informerons les parents par courriel afin d\u2019obtenir un consentement des parents v\u00e9rifiable pour l\u2019utilisation ult\u00e9rieure des informations personnelles de leur enfant. Si vous \u00eates un parent ou un tuteur d\u2019un mineur et que vous ayez constat\u00e9 que votre enfant nous a fourni des informations sans votre consentement, ou si vous souhaitez r\u00e9voquer votre consentement pr\u00e9c\u00e9dent, examiner les informations collect\u00e9es aupr\u00e8s de votre enfant ou faire supprimer ces informations, veuillez bien nous contacter via https:\/\/aniga.me\/fr\/support\/. LUCK ONLINE LLC reconna\u00eet l\u2019importance de protection de la vie priv\u00e9e des mineurs et encourage les parents \u00e0 v\u00e9rifier et \u00e0 surveiller r\u00e9guli\u00e8rement l\u2019activit\u00e9 en ligne de leurs enfants.<br \/>\n9. Contactez-nous<br \/>\nSi vous avez des questions sur la pr\u00e9sente Politique de confidentialit\u00e9 et de cookies, veuillez nous contacter par courriel : https:\/\/aniga.me\/fr\/support\/<\/p>\n","protected":false},"excerpt":{"rendered":"<p>La Politique de confidentialit\u00e9 et de cookies LUCK ONLINE LLC s\u2019engage \u00e0 prot\u00e9ger les droits \u00e0 la vie priv\u00e9e de ses Utilisateurs en ligne (\u00ab Vous \u00bb ou \u00ab Utilisateurs \u00bb). La pr\u00e9sente Politique de confidentialit\u00e9 et de cookies vise \u00e0 Vous informer de la fa\u00e7on dont LUCK ONLINE LLC collecte, stocke, utilise et g\u00e8re &hellip; <\/p>\n<p class=\"link-more\"><a href=\"https:\/\/aniga.me\/fr\/agreements\/games\/\" class=\"more-link\">Continuer la lecture<span class=\"screen-reader-text\"> de &laquo;&nbsp;La Politique de confidentialit\u00e9 et de cookies&nbsp;&raquo;<\/span><\/a><\/p>\n","protected":false},"author":3,"featured_media":0,"parent":103,"menu_order":0,"comment_status":"closed","ping_status":"closed","template":"","meta":[],"_links":{"self":[{"href":"https:\/\/aniga.me\/fr\/wp-json\/wp\/v2\/pages\/99"}],"collection":[{"href":"https:\/\/aniga.me\/fr\/wp-json\/wp\/v2\/pages"}],"about":[{"href":"https:\/\/aniga.me\/fr\/wp-json\/wp\/v2\/types\/page"}],"author":[{"embeddable":true,"href":"https:\/\/aniga.me\/fr\/wp-json\/wp\/v2\/users\/3"}],"replies":[{"embeddable":true,"href":"https:\/\/aniga.me\/fr\/wp-json\/wp\/v2\/comments?post=99"}],"version-history":[{"count":5,"href":"https:\/\/aniga.me\/fr\/wp-json\/wp\/v2\/pages\/99\/revisions"}],"predecessor-version":[{"id":640,"href":"https:\/\/aniga.me\/fr\/wp-json\/wp\/v2\/pages\/99\/revisions\/640"}],"up":[{"embeddable":true,"href":"https:\/\/aniga.me\/fr\/wp-json\/wp\/v2\/pages\/103"}],"wp:attachment":[{"href":"https:\/\/aniga.me\/fr\/wp-json\/wp\/v2\/media?parent=99"}],"curies":[{"name":"wp","href":"https:\/\/api.w.org\/{rel}","templated":true}]}}