{"id":94,"date":"2020-08-18T16:47:42","date_gmt":"2020-08-18T13:47:42","guid":{"rendered":"https:\/\/aniga.me\/fr\/?page_id=94"},"modified":"2020-08-18T16:47:42","modified_gmt":"2020-08-18T13:47:42","slug":"gamerules","status":"publish","type":"page","link":"https:\/\/aniga.me\/fr\/gamerules\/","title":{"rendered":"R\u00e8glements"},"content":{"rendered":"<p><b>R\u00e8gles<\/b><\/p>\n<p><span style=\"font-weight: 400;\">L\u2019administration adh\u00e8re pleinement aux principes de fair-play qui sont bas\u00e9s sur les interpr\u00e9tations g\u00e9n\u00e9ralement accept\u00e9es des concepts de noblesse, d\u2019honneur et de justice. Afin de contr\u00f4ler le respect de ces principes et pr\u00e9venir l\u2019utilisation de techniques de jeu visant \u00e0 des abus et\/ou emp\u00eachant le jeu confortable d\u2019autres joueurs, les R\u00e8gles de jeu suivantes sont mises en place.<\/span><\/p>\n<p><span style=\"font-weight: 400;\">Le Syst\u00e8me de contreventions et sanctions impos\u00e9es aux contrevenants au sein de jeux multi-joueurs.<\/span><\/p>\n<p><span style=\"font-weight: 400;\">Les pr\u00e9sentes R\u00e8gles compl\u00e8tent l\u2019Accord d\u2019utilisation et sont obligatoires pour tous les joueurs des jeux clients sans aucune exception.<\/span><\/p>\n<p><span style=\"font-weight: 400;\">Dispositions g\u00e9n\u00e9rales<\/span><\/p>\n<p><span style=\"font-weight: 400;\">Le type de sanction impos\u00e9e \u00e0 un joueur (\u00a0\u00bb utilisateur \u00ab\u00a0) pour la violation de ces R\u00e8gles est choisi \u00e0 la discr\u00e9tion de l\u2019administration, dans les limites de la liste ci-dessous. La d\u00e9cision sera prise par l\u2019administration en fonction de la gravit\u00e9 et de la fr\u00e9quence de la violation ou d\u2019autres facteurs associ\u00e9s \u00e0 cette violation. Les sanctions impos\u00e9es au contrevenant aux pr\u00e9sentes R\u00e8gles peuvent aller d\u2019un avertissement \u00e9crit jusqu\u2019au blocage complet du compte utilisateur.<\/span><\/p>\n<p><span style=\"font-weight: 400;\">L\u2019ignorance de ces R\u00e8gles n\u2019exon\u00e8re pas l\u2019utilisateur de sa responsabilit\u00e9.<\/span><\/p>\n<p><span style=\"font-weight: 400;\">L\u2019administration a le droit de fermer l\u2019acc\u00e8s \u00e0 tout personnage\/compte pour tout utilisateur sans pr\u00e9avis ni explication.<\/span><\/p>\n<p><span style=\"font-weight: 400;\">Les r\u00e8gles du jeu peuvent \u00eatre modifi\u00e9es et\/ou compl\u00e9t\u00e9es sans pr\u00e9avis aux utilisateurs. Ces modifications entrent en vigueur le jour suivant la date de leur publication sur le portail. Les utilisateurs sont tenus de v\u00e9rifier ind\u00e9pendamment la pertinence de ces R\u00e8gles.<\/span><\/p>\n<p><span style=\"font-weight: 400;\">L\u2019utilisateur est averti et accepte que, si toute personne contacte le service de support du portail https:\/\/aniga.me pour quelque raison que ce soit, l\u2019administration a le droit de bloquer temporairement l\u2019acc\u00e8s de cet utilisateur \u00e0 son compte jusqu\u2019\u00e0 ce que le probl\u00e8me soit compl\u00e8tement r\u00e9solu. La dur\u00e9e exacte de ce blocage sera pr\u00e9alablement communiqu\u00e9e \u00e0 l\u2019utilisateur via le formulaire de support. Un blocage temporaire est possible au cours des investigations de violations. L\u2019administration ne garantit pas que l\u2019issue de cette investigation r\u00e9pondrait aux attentes du joueur, mais elle fera de son mieux pour obtenir le meilleur r\u00e9sultat.<\/span><\/p>\n<p><span style=\"font-weight: 400;\">L\u2019utilisateur est averti et accepte que les valeurs de jeu \u00e0 validit\u00e9 limit\u00e9e ne soient pas restaur\u00e9es apr\u00e8s la fin du blocage\u00a0; c\u2019est-\u00e0-dire que leur terme de validit\u00e9 ne sera pas suspendu pour cette p\u00e9riode. Des exceptions sont possibles \u00e0 la discr\u00e9tion de l\u2019administration.<\/span><\/p>\n<p><span style=\"font-weight: 400;\">\u00a0<\/span><\/p>\n<p><span style=\"font-weight: 400;\">Recommandations pour les communications dans un chat de jeu<\/span><\/p>\n<ul>\n<li style=\"font-weight: 400;\"><span style=\"font-weight: 400;\">Respectez votre interlocuteur.<\/span><\/li>\n<li style=\"font-weight: 400;\"><span style=\"font-weight: 400;\">Soyez poli(e). \u00c9vitez d\u2019utiliser des obsc\u00e9nit\u00e9s, gros mots et insultes.<\/span><\/li>\n<li style=\"font-weight: 400;\"><span style=\"font-weight: 400;\">\u00c9vitez toute discussion nationaliste, politique et religieuse dans les chats de jeu.<\/span><\/li>\n<li style=\"font-weight: 400;\"><span style=\"font-weight: 400;\">Tout ce qui est interdit par les lois en vigueur de la F\u00e9d\u00e9ration de Russie est \u00e9galement interdit dans les chats de jeu.<\/span><\/li>\n<li style=\"font-weight: 400;\"><span style=\"font-weight: 400;\">\u00c9vitez toute publicit\u00e9 (y compris la publicit\u00e9 contextuelle), ventes, propagande destructrice et d\u00e9sinformation dans les chats de jeu.<\/span><\/li>\n<\/ul>\n<p><span style=\"font-weight: 400;\">Veuillez noter que chaque projet peut avoir sa propre gradation de contreventions et des sanctions pr\u00e9vues pour celles-ci.<\/span><\/p>\n<p>&nbsp;<\/p>\n","protected":false},"excerpt":{"rendered":"<p>R\u00e8gles L\u2019administration adh\u00e8re pleinement aux principes de fair-play qui sont bas\u00e9s sur les interpr\u00e9tations g\u00e9n\u00e9ralement accept\u00e9es des concepts de noblesse, d\u2019honneur et de justice. Afin de contr\u00f4ler le respect de ces principes et pr\u00e9venir l\u2019utilisation de techniques de jeu visant \u00e0 des abus et\/ou emp\u00eachant le jeu confortable d\u2019autres joueurs, les R\u00e8gles de jeu suivantes &hellip; <\/p>\n<p class=\"link-more\"><a href=\"https:\/\/aniga.me\/fr\/gamerules\/\" class=\"more-link\">Continuer la lecture<span class=\"screen-reader-text\"> de &laquo;&nbsp;R\u00e8glements&nbsp;&raquo;<\/span><\/a><\/p>\n","protected":false},"author":3,"featured_media":0,"parent":0,"menu_order":0,"comment_status":"closed","ping_status":"closed","template":"","meta":[],"_links":{"self":[{"href":"https:\/\/aniga.me\/fr\/wp-json\/wp\/v2\/pages\/94"}],"collection":[{"href":"https:\/\/aniga.me\/fr\/wp-json\/wp\/v2\/pages"}],"about":[{"href":"https:\/\/aniga.me\/fr\/wp-json\/wp\/v2\/types\/page"}],"author":[{"embeddable":true,"href":"https:\/\/aniga.me\/fr\/wp-json\/wp\/v2\/users\/3"}],"replies":[{"embeddable":true,"href":"https:\/\/aniga.me\/fr\/wp-json\/wp\/v2\/comments?post=94"}],"version-history":[{"count":1,"href":"https:\/\/aniga.me\/fr\/wp-json\/wp\/v2\/pages\/94\/revisions"}],"predecessor-version":[{"id":96,"href":"https:\/\/aniga.me\/fr\/wp-json\/wp\/v2\/pages\/94\/revisions\/96"}],"wp:attachment":[{"href":"https:\/\/aniga.me\/fr\/wp-json\/wp\/v2\/media?parent=94"}],"curies":[{"name":"wp","href":"https:\/\/api.w.org\/{rel}","templated":true}]}}