{"id":321,"date":"2020-09-28T17:12:35","date_gmt":"2020-09-28T14:12:35","guid":{"rendered":"https:\/\/aniga.me\/fr\/?page_id=321"},"modified":"2026-02-13T17:49:06","modified_gmt":"2026-02-13T14:49:06","slug":"swordmasters","status":"publish","type":"page","link":"https:\/\/aniga.me\/fr\/swordmasters\/","title":{"rendered":"Sword Masters"},"content":{"rendered":"<div id=\"pl-321\"  class=\"panel-layout\" ><div id=\"pg-321-0\"  class=\"panel-grid panel-no-style\" ><div id=\"pgc-321-0-0\"  class=\"panel-grid-cell\" ><div id=\"panel-321-0-0-0\" class=\"widget_text so-panel widget widget_custom_html panel-first-child\" data-index=\"0\" ><div class=\"widget_text block1 panel-widget-style panel-widget-style-for-321-0-0-0\" ><div class=\"textwidget custom-html-widget\"><div class=\"form_outer\">\n\t<div id=\"osdk-auth-widget-holder\"><div id=\"loader\"><\/div><\/div>\n    <script>\n    !function(a,b,c,d){a._osdkAuthFn=d,a[d]=a[d]||function(){(a[d].cs=a[d].cs||[]).push(arguments)};var e=b.createElement(\"script\"),f=b.getElementsByTagName(\"script\")[0];e.async=1,e.src=c,f.parentNode.insertBefore(e,f)}(window,document,\"\/\/ostatic.ab788933.me\/auth\/js\/widget.js?v=1\",\"osdkAuthWidget\");\n\n    osdkAuthWidget({\n        service: 'auth.ab788933.me',\n        holder: 'osdk-auth-widget-holder',\n        width: 400,\n        height: 820,\n        returnTo: 'https:\/\/aniga.me\/fr\/swordmasters\/game\/',\n        consumer: 'portal-sa.ani-fr',\n        locale: 'fr_FR',\n        stylesUrl: 'https:\/\/aniga.me\/cdn\/auth-custom-theme\/sao2-form2.fr.css?v=1',\n        eula: 'games'\n    });\n    <\/script>\n<\/div>\n<div class=\"btn_outer\">\n\t<img class=\"pers\" src=\"https:\/\/aniga.me\/pl\/wp-content\/themes\/anigame\/img\/pl\/sm\/b1\/pers.png\">\n\t<img class=\"logos\" src=\"https:\/\/aniga.me\/pl\/wp-content\/themes\/anigame\/img\/pl\/sm\/b1\/logo.png\">\n\t<a class=\"play_btn\"><\/a>\n<\/div><\/div><\/div><\/div><div id=\"panel-321-0-0-1\" class=\"widget_text so-panel widget widget_custom_html\" data-index=\"1\" ><div class=\"widget_text block2 panel-widget-style panel-widget-style-for-321-0-0-1\" ><div class=\"textwidget custom-html-widget\"><img id=\"txt_pic\" src=\"\/pl\/wp-content\/themes\/anigame\/img\/pl\/sm\/b2\/title_deco.png\">\n<img id=\"pers1\" src=\"\/pl\/wp-content\/themes\/anigame\/img\/pl\/sm\/b2\/mobile_kirito.png\">\n<div class=\"sub_txt\">\nUm auf deinem Mobilger\u00e4t, Tablet oder Smartphone zu spielen, musst du nur die APK-Datei herunterladen, sie auf deinem Ger\u00e4t installieren und das Spiel starten! Dein gesamter Fortschritt vom Spielen der Browserversion wird auf deine Mobilversion des Spiels \u00fcbertragen. Auf unserer speziell dazu eingerichteten Seite kannst du die APK-Datei herunterladen und mehr erfahren.\n\n<\/div>\n<a class=\"play_btn_mob\" href=\"\/pl\/\"><\/a><\/div><\/div><\/div><div id=\"panel-321-0-0-2\" class=\"widget_text so-panel widget widget_custom_html\" data-index=\"2\" ><div class=\"widget_text block3 panel-widget-style panel-widget-style-for-321-0-0-2\" ><div class=\"textwidget custom-html-widget\"><img id=\"b3_ttl\" src=\"\/pl\/wp-content\/themes\/anigame\/img\/pl\/sm\/b3\/logo.png\">\n<img id=\"pers\" src=\"\/pl\/wp-content\/themes\/anigame\/img\/pl\/sm\/b3\/pers_overlay.png\">\n<img id=\"pers_ext\" src=\"\/fr\/wp-content\/themes\/anigame\/img\/fr\/sm\/b3\/characters_overlay_1.png\">\n<img id=\"pers_ext_2\" src=\"\/fr\/wp-content\/themes\/anigame\/img\/fr\/sm\/b3\/characters_overlay_2.png\">\n<!--[metaslider id=\"329\"]-->\n<div id=\"gallery_1\">\n\t<a class=\"landing-gallery-itemLink act itemLink0\" href=\"https:\/\/aniga.me\/fr\/wp-content\/themes\/anigame\/img\/fr\/sm\/b3\/SAO2_screen_1.jpg\" title=\"\" rel=\"lightbox\">\n\t\t<img class=\"landing-gallery-item-img\" src=\"\/fr\/wp-content\/themes\/anigame\/img\/fr\/sm\/b3\/scr1_preview.png\" alt=\"1\" title=\"1\" \/>\n\t<\/a>\n\t<a class=\"landing-gallery-itemLink itemLink1\" href=\"https:\/\/aniga.me\/fr\/wp-content\/themes\/anigame\/img\/fr\/sm\/b3\/SAO2_screen_2.jpg\" title=\"\" rel=\"lightbox\">\n\t\t<img class=\"landing-gallery-item-img\" src=\"\/fr\/wp-content\/themes\/anigame\/img\/fr\/sm\/b3\/scr2_preview.png\" alt=\"2\" title=\"2\" \/>\n\t<\/a>\n\t<a class=\"landing-gallery-itemLink itemLink2\" href=\"https:\/\/aniga.me\/fr\/wp-content\/themes\/anigame\/img\/fr\/sm\/b3\/SAO2_screen_3.jpg\" title=\"\" rel=\"lightbox\">\n\t\t<img class=\"landing-gallery-item-img\" src=\"\/fr\/wp-content\/themes\/anigame\/img\/fr\/sm\/b3\/scr3_preview.png\" alt=\"3\" title=\"3\" \/>\n\t<\/a>\n\t<a class=\"landing-gallery-itemLink itemLink3\" href=\"https:\/\/aniga.me\/fr\/wp-content\/themes\/anigame\/img\/fr\/sm\/b3\/SAO2_screen_4.jpg\" title=\"\" rel=\"lightbox\">\n\t\t<img class=\"landing-gallery-item-img\" src=\"\/fr\/wp-content\/themes\/anigame\/img\/fr\/sm\/b3\/scr4_preview.png\" alt=\"4\" title=\"4\" \/>\n\t<\/a>\n\t<a class=\"landing-gallery-itemLink itemLink4\" href=\"https:\/\/aniga.me\/fr\/wp-content\/themes\/anigame\/img\/fr\/sm\/b3\/SAO2_screen_5.jpg\" title=\"\" rel=\"lightbox\">\n\t\t<img class=\"landing-gallery-item-img\" src=\"\/fr\/wp-content\/themes\/anigame\/img\/fr\/sm\/b3\/scr5_preview.png\" alt=\"5\" title=\"5\" \/>\n\t<\/a>\n\t<a class=\"landing-gallery-itemLink itemLink5\" href=\"https:\/\/aniga.me\/fr\/wp-content\/themes\/anigame\/img\/fr\/sm\/b3\/SAO2_screen_6.jpg\" title=\"\" rel=\"lightbox\">\n\t\t<img class=\"landing-gallery-item-img\" src=\"\/fr\/wp-content\/themes\/anigame\/img\/fr\/sm\/b3\/scr6_preview.png\" alt=\"6\" title=\"6\" \/>\n\t<\/a>\n\t<a class=\"landing-gallery-itemLink itemLink6\" href=\"https:\/\/aniga.me\/fr\/wp-content\/themes\/anigame\/img\/fr\/sm\/b3\/SAO2_screen_7.jpg\" title=\"\" rel=\"lightbox\">\n\t\t<img class=\"landing-gallery-item-img\" src=\"\/fr\/wp-content\/themes\/anigame\/img\/fr\/sm\/b3\/scr7_preview.png\" alt=\"7\" title=\"7\" \/>\n\t<\/a>\n\t<a class=\"landing-gallery-itemLink itemLink7\" href=\"https:\/\/aniga.me\/fr\/wp-content\/themes\/anigame\/img\/fr\/sm\/b3\/SAO2_screen_8.jpg\" title=\"\" rel=\"lightbox\">\n\t\t<img class=\"landing-gallery-item-img\" src=\"\/fr\/wp-content\/themes\/anigame\/img\/fr\/sm\/b3\/scr8_preview.png\" alt=\"8\" title=\"8\" \/>\n\t<\/a>\n\t<a class=\"ar_l\"><\/a>\n\t<a class=\"ar_r\"><\/a>\n<\/div><\/div><\/div><\/div><div id=\"panel-321-0-0-3\" class=\"widget_text so-panel widget widget_custom_html panel-last-child\" data-index=\"3\" ><div class=\"widget_text block4 panel-widget-style panel-widget-style-for-321-0-0-3\" ><div class=\"textwidget custom-html-widget\"><p class=\"txt_underlay\">Sword Masters est un MMORPG vivant et passionnant qui combine tous les meilleurs aspects du genre. Ce n'est pas seulement un jeu rempli de fonctionnalit\u00e9s, d'options et de riches paysages, c'est aussi un monde aux nombreux pi\u00e8ges et d\u00e9fis, un monde de dangers et d'obstacles, un monde dans lequel vous ne pouvez pas rester indiff\u00e9rent. Le gameplay vari\u00e9 et les niveaux bien \u00e9quilibr\u00e9s se combinent \u00e0 un sc\u00e9nario \u00e9pique. Dirigez une \u00e9quipe de vaillants h\u00e9ros, entra\u00eenez-les au combat, am\u00e9liorez leur \u00e9quipement et leurs comp\u00e9tences et partez ensemble vers l'aventure\u00a0! <\/p>\n<div class=\"outer_her\">\n\t<img src=\"\/pl\/wp-content\/themes\/anigame\/img\/pl\/sm\/b4\/cells.png\">\n\t<span class=\"t1\">Un sc\u00e9nario memorable<\/span>\n\t<span class=\"t2\">Un syst\u00e8me de combat dynamique et captivant<\/span>\n\t<span class=\"t3\">Une animation de style anim\u00e9<\/span>\n\t<span class=\"t4\">Des combats en groupe et en solo<\/span>\n\t<span class=\"t5\">De nombreux modes JcJ et JcE<\/span>\n<\/div>\n\n<a href=\"\/pl\/swordmasters\/news\/\" class=\"news_link\"><\/a> <\/div><\/div><\/div><\/div><\/div><\/div>","protected":false},"excerpt":{"rendered":"<p>Um auf deinem Mobilger\u00e4t, Tablet oder Smartphone zu spielen, musst du nur die APK-Datei herunterladen, sie auf deinem Ger\u00e4t installieren und das Spiel starten! Dein gesamter Fortschritt vom Spielen der Browserversion wird auf deine Mobilversion des Spiels \u00fcbertragen. Auf unserer speziell dazu eingerichteten Seite kannst du die APK-Datei herunterladen und mehr erfahren. Sword Masters est &hellip; <\/p>\n<p class=\"link-more\"><a href=\"https:\/\/aniga.me\/fr\/swordmasters\/\" class=\"more-link\">Continuer la lecture<span class=\"screen-reader-text\"> de &laquo;&nbsp;Sword Masters&nbsp;&raquo;<\/span><\/a><\/p>\n","protected":false},"author":3,"featured_media":0,"parent":0,"menu_order":0,"comment_status":"closed","ping_status":"closed","template":"","meta":[],"_links":{"self":[{"href":"https:\/\/aniga.me\/fr\/wp-json\/wp\/v2\/pages\/321"}],"collection":[{"href":"https:\/\/aniga.me\/fr\/wp-json\/wp\/v2\/pages"}],"about":[{"href":"https:\/\/aniga.me\/fr\/wp-json\/wp\/v2\/types\/page"}],"author":[{"embeddable":true,"href":"https:\/\/aniga.me\/fr\/wp-json\/wp\/v2\/users\/3"}],"replies":[{"embeddable":true,"href":"https:\/\/aniga.me\/fr\/wp-json\/wp\/v2\/comments?post=321"}],"version-history":[{"count":51,"href":"https:\/\/aniga.me\/fr\/wp-json\/wp\/v2\/pages\/321\/revisions"}],"predecessor-version":[{"id":5028,"href":"https:\/\/aniga.me\/fr\/wp-json\/wp\/v2\/pages\/321\/revisions\/5028"}],"wp:attachment":[{"href":"https:\/\/aniga.me\/fr\/wp-json\/wp\/v2\/media?parent=321"}],"curies":[{"name":"wp","href":"https:\/\/api.w.org\/{rel}","templated":true}]}}