{"id":2,"date":"2020-08-04T14:19:44","date_gmt":"2020-08-04T11:19:44","guid":{"rendered":"https:\/\/aniga.me\/fr\/?page_id=2"},"modified":"2026-04-27T19:26:33","modified_gmt":"2026-04-27T16:26:33","slug":"sample-page","status":"publish","type":"page","link":"https:\/\/aniga.me\/fr\/","title":{"rendered":"Anigame"},"content":{"rendered":"<div id=\"pl-2\"  class=\"panel-layout\" ><div id=\"pg-2-0\"  class=\"panel-grid panel-no-style\" ><div id=\"pgc-2-0-0\"  class=\"panel-grid-cell\" ><div id=\"panel-2-0-0-0\" class=\"widget_text so-panel widget widget_custom_html panel-first-child\" data-index=\"0\" ><div class=\"textwidget custom-html-widget\"><div style=\"width: 100%; margin: 0 auto;\" class=\"ml-slider-3-7-2 ml-slider-pro-2-6-5 metaslider metaslider-flex metaslider-398 ml-slider\">\n    \n    <div id=\"metaslider_container_398\">\n        <div id=\"metaslider_398\">\n            <ul class=\"slides\">\n                <li style=\"display: block; width: 100%;\" class=\"slide-400 ms-image\"><img src=\"https:\/\/aniga.me\/fr\/wp-content\/uploads\/2020\/09\/sao2_banner.jpg\" height=\"752\" width=\"1214\" alt=\"\" class=\"slider-398 slide-400\" title=\"sao2_banner\" \/><div class=\"caption-wrap\"><div class=\"caption\"><img class=\"bnr_logo\" src=\"\/fr\/wp-content\/uploads\/2020\/09\/sao2_logo.png\">\r\n<p class=\"ttl_top\">Sword Masters<p>\r\n<p class=\"info\">\r\n\tMMORPG anim\u00e9 avec de nombreux mondes et histoires\r\n<\/p>\r\n\r\n<p class=\"words\">\r\n\t<span>RPG<\/span>\r\n\t<span class=\"v_line\"><\/span>\r\n\t<span>Jeu mobile<\/span>\r\n\t<span class=\"v_line\"><\/span>\r\n\t<span>De beaux graphismes<\/span>\r\n<\/p>\r\n\r\n<a class=\"play_btn\" href=\"\/fr\/swordmasters\/\"><\/a><\/div><\/div><\/li>\n            <\/ul>\n        <\/div>\n        \n    <\/div>\n<\/div><\/div><\/div><div id=\"panel-2-0-0-1\" class=\"widget_text so-panel widget widget_custom_html\" data-index=\"1\" ><div class=\"textwidget custom-html-widget\"><h3 class=\"ttl_cat\"><span class=\"h_line\"><\/span>Nouvelles<span class=\"h_line\"><\/span><\/h3>\n<div style=\"width: 100%; margin: 0 auto;\" class=\"ml-slider-3-7-2 ml-slider-pro-2-6-5 metaslider metaslider-flex metaslider-709 ml-slider nav-hidden\">\n    <style type=\"text\/css\" id=\"metaslider-css-709\">\n        #metaslider_709.flexslider .slides li {margin-right: 50px !important;}\n    <\/style>\n    <div id=\"metaslider_container_709\">\n        <div id=\"metaslider_709\">\n            <ul class=\"slides\">\n                <li class=\"slide-711 ms-postfeed post-4856\" style=\"display: none; width: 100%;\"><a href=\"https:\/\/aniga.me\/fr\/swordmasters\/news-swordmasters\/mise-a-jour-du-15-05-2025\/\" target=\"_self\" rel=\"noopener noreferrer\"><img src=\"https:\/\/aniga.me\/fr\/wp-content\/uploads\/2021\/02\/1200-630_update-260x160.jpg\" height=\"160\" width=\"260\" alt=\"\" \/><\/a><div class='caption-wrap'><div class='caption'><h3><a href=\"https:\/\/aniga.me\/fr\/category\/swordmasters\/news-swordmasters\/\" rel=\"category tag\">Sword Masters. Nouvelles<\/a><\/h3><a href='https:\/\/aniga.me\/fr\/swordmasters\/news-swordmasters\/mise-a-jour-du-15-05-2025\/'>Mise \u00e0 jour du 15.05.2025<\/a><br \/>\r\n<a href='https:\/\/aniga.me\/fr\/swordmasters\/news-swordmasters\/mise-a-jour-du-15-05-2025\/' class='to_news'>Plus de d\u00e9tails<\/a><\/div><\/div><\/li>\n                <li class=\"slide-711 ms-postfeed post-4752\" style=\"display: none; width: 100%;\"><a href=\"https:\/\/aniga.me\/fr\/swordmasters\/news-swordmasters\/mise-a-jour-du-24-01-2025-nouveaux-heros\/\" target=\"_self\" rel=\"noopener noreferrer\"><img src=\"https:\/\/aniga.me\/fr\/wp-content\/uploads\/2021\/02\/1200-630_update-260x160.jpg\" height=\"160\" width=\"260\" alt=\"\" \/><\/a><div class='caption-wrap'><div class='caption'><h3><a href=\"https:\/\/aniga.me\/fr\/category\/swordmasters\/news-swordmasters\/\" rel=\"category tag\">Sword Masters. Nouvelles<\/a><\/h3><a href='https:\/\/aniga.me\/fr\/swordmasters\/news-swordmasters\/mise-a-jour-du-24-01-2025-nouveaux-heros\/'>Mise \u00e0 jour du 24.01.2025 \u2013 Nouveaux h\u00e9ros<\/a><br \/>\r\n<a href='https:\/\/aniga.me\/fr\/swordmasters\/news-swordmasters\/mise-a-jour-du-24-01-2025-nouveaux-heros\/' class='to_news'>Plus de d\u00e9tails<\/a><\/div><\/div><\/li>\n                <li class=\"slide-711 ms-postfeed post-4673\" style=\"display: none; width: 100%;\"><a href=\"https:\/\/aniga.me\/fr\/swordmasters\/news-swordmasters\/mise-a-jour-du-10-11-2024-nouveaux-heros\/\" target=\"_self\" rel=\"noopener noreferrer\"><img src=\"https:\/\/aniga.me\/fr\/wp-content\/uploads\/2021\/02\/1200-630_update-260x160.jpg\" height=\"160\" width=\"260\" alt=\"\" \/><\/a><div class='caption-wrap'><div class='caption'><h3><a href=\"https:\/\/aniga.me\/fr\/category\/swordmasters\/news-swordmasters\/\" rel=\"category tag\">Sword Masters. Nouvelles<\/a><\/h3><a href='https:\/\/aniga.me\/fr\/swordmasters\/news-swordmasters\/mise-a-jour-du-10-11-2024-nouveaux-heros\/'>Mise \u00e0 jour du 10.11.2024 \u2013 Nouveaux h\u00e9ros<\/a><br \/>\r\n<a href='https:\/\/aniga.me\/fr\/swordmasters\/news-swordmasters\/mise-a-jour-du-10-11-2024-nouveaux-heros\/' class='to_news'>Plus de d\u00e9tails<\/a><\/div><\/div><\/li>\n            <\/ul>\n        <\/div>\n        \n    <\/div>\n<\/div>\n<a class=\"all_news\" href=\"https:\/\/aniga.me\/fr\/nouvelles\/\"><\/a><\/div><\/div><div id=\"panel-2-0-0-2\" class=\"widget_text so-panel widget widget_custom_html panel-last-child\" data-index=\"2\" ><div class=\"textwidget custom-html-widget\"><h3 class=\"ttl_cat\"><span class=\"h_line\"><\/span>Nos jeux<span class=\"h_line\"><\/span><\/h3>\n<ul id=\"games-catalog\">\n            <li style=\"background: url(\/fr\/wp-content\/uploads\/2020\/09\/game_preview_sao2.jpg);\">\n                <span class=\"new\"><\/span><div class=\"link_block\">\n                            <img src=\"https:\/\/aniga.me\/fr\/wp-content\/uploads\/2020\/09\/sao2_preview_logo.png\" \/>\n                            <span>MMORPG anim\u00e9 avec de nombreux mondes et histoires<\/span>\n                            <a href=\"https:\/\/aniga.me\/fr\/swordmasters\/?esc=frontpage_games_catalog\">Plus de d\u00e9tails<\/a>\n                            <a class=\"pl_btn\" href=\"https:\/\/aniga.me\/fr\/swordmasters\/game\/?esc=frontpage_games_catalog\">Jouer<\/a>\n                        <\/div><\/li>\n            <li style=\"background: url(\/fr\/wp-content\/uploads\/2020\/09\/soon_preview.jpg);\">\n                <span class=\"\"><\/span><\/li>\n            <li style=\"background: url(\/fr\/wp-content\/uploads\/2020\/09\/soon_preview.jpg);\">\n                <span class=\"\"><\/span><\/li><\/ul><\/div><\/div><\/div><\/div><\/div>","protected":false},"excerpt":{"rendered":"<p>Sword Masters MMORPG anim\u00e9 avec de nombreux mondes et histoires RPG Jeu mobile De beaux graphismes Nouvelles Sword Masters. NouvellesMise \u00e0 jour du 15.05.2025 Plus de d\u00e9tails Sword Masters. NouvellesMise \u00e0 jour du 24.01.2025 \u2013 Nouveaux h\u00e9ros Plus de d\u00e9tails Sword Masters. NouvellesMise \u00e0 jour du 10.11.2024 \u2013 Nouveaux h\u00e9ros Plus de d\u00e9tails Nos jeux &hellip; <\/p>\n<p class=\"link-more\"><a href=\"https:\/\/aniga.me\/fr\/\" class=\"more-link\">Continuer la lecture<span class=\"screen-reader-text\"> de &laquo;&nbsp;Anigame&nbsp;&raquo;<\/span><\/a><\/p>\n","protected":false},"author":1,"featured_media":0,"parent":0,"menu_order":0,"comment_status":"closed","ping_status":"open","template":"page_ext.php","meta":[],"_links":{"self":[{"href":"https:\/\/aniga.me\/fr\/wp-json\/wp\/v2\/pages\/2"}],"collection":[{"href":"https:\/\/aniga.me\/fr\/wp-json\/wp\/v2\/pages"}],"about":[{"href":"https:\/\/aniga.me\/fr\/wp-json\/wp\/v2\/types\/page"}],"author":[{"embeddable":true,"href":"https:\/\/aniga.me\/fr\/wp-json\/wp\/v2\/users\/1"}],"replies":[{"embeddable":true,"href":"https:\/\/aniga.me\/fr\/wp-json\/wp\/v2\/comments?post=2"}],"version-history":[{"count":22,"href":"https:\/\/aniga.me\/fr\/wp-json\/wp\/v2\/pages\/2\/revisions"}],"predecessor-version":[{"id":5066,"href":"https:\/\/aniga.me\/fr\/wp-json\/wp\/v2\/pages\/2\/revisions\/5066"}],"wp:attachment":[{"href":"https:\/\/aniga.me\/fr\/wp-json\/wp\/v2\/media?parent=2"}],"curies":[{"name":"wp","href":"https:\/\/api.w.org\/{rel}","templated":true}]}}