{"id":11,"date":"2022-09-07T15:14:57","date_gmt":"2022-09-07T12:14:57","guid":{"rendered":"https:\/\/aniga.me\/en\/?page_id=11"},"modified":"2026-02-13T13:47:11","modified_gmt":"2026-02-13T10:47:11","slug":"swordmasters","status":"publish","type":"page","link":"https:\/\/aniga.me\/en\/swordmasters\/","title":{"rendered":"Sword Masters"},"content":{"rendered":"<div id=\"pl-11\"  class=\"panel-layout\" ><div id=\"pg-11-0\"  class=\"panel-grid panel-no-style\" ><div id=\"pgc-11-0-0\"  class=\"panel-grid-cell\" ><div id=\"panel-11-0-0-0\" class=\"widget_text so-panel widget widget_custom_html panel-first-child\" data-index=\"0\" ><div class=\"widget_text block1 panel-widget-style panel-widget-style-for-11-0-0-0\" ><div class=\"textwidget custom-html-widget\"><div class=\"form_outer\">\n\t<div id=\"osdk-auth-widget-holder\"><div id=\"loader\"><\/div><\/div>\n    <script>\n    !function(a,b,c,d){a._osdkAuthFn=d,a[d]=a[d]||function(){(a[d].cs=a[d].cs||[]).push(arguments)};var e=b.createElement(\"script\"),f=b.getElementsByTagName(\"script\")[0];e.async=1,e.src=c,f.parentNode.insertBefore(e,f)}(window,document,\"\/\/ostatic.ab788933.me\/auth\/js\/widget.js?v=1\",\"osdkAuthWidget\");\n\n    osdkAuthWidget({\n        service: 'auth.ab788933.me',\n        holder: 'osdk-auth-widget-holder',\n        width: 400,\n        height: 820,\n        returnTo: 'https:\/\/aniga.me\/en\/swordmasters\/game\/',\n        consumer: 'portal-sa.ani-en',\n        locale: 'en_US',\n        stylesUrl: 'https:\/\/aniga.me\/cdn\/auth-custom-theme\/sao2-form2.en.css?v=2',\n        eula: 'games'\n    });\n    <\/script>\n<\/div>\n<div class=\"btn_outer\">\n\t<img class=\"pers\" src=\"https:\/\/animaga.me\/pl\/wp-content\/themes\/anigame\/img\/pl\/sm\/b1\/pers.png\">\n\t<img class=\"logos\" src=\"https:\/\/animaga.me\/pl\/wp-content\/themes\/anigame\/img\/pl\/sm\/b1\/logo.png\">\n\t<a class=\"play_btn\"><\/a>\n<\/div><\/div><\/div><\/div><div id=\"panel-11-0-0-1\" class=\"widget_text so-panel widget widget_custom_html\" data-index=\"1\" ><div class=\"widget_text block2 panel-widget-style panel-widget-style-for-11-0-0-1\" ><div class=\"textwidget custom-html-widget\"><img id=\"txt_pic\" src=\"\/pl\/wp-content\/themes\/anigame\/img\/pl\/sm\/b2\/title_deco.png\">\n<img id=\"pers1\" src=\"\/pl\/wp-content\/themes\/anigame\/img\/pl\/sm\/b2\/mobile_kirito.png\">\n<div class=\"sub_txt\">\n\tBy zagra\u0107, musisz po prostu pobra\u0107 plik APK, zainstalowa\u0107 go na swoim urz\u0105dzeniu i uruchomi\u0107 gr\u0119! Wszystkie Twoje post\u0119py z wersji przegl\u0105darkowej zostan\u0105 przeniesione do wersji mobilnej. Plik APK pobierzesz na naszej stronie, gdzie tak\u017ce znajdziesz wi\u0119cej informacji.\n<\/div>\n<a class=\"play_btn_mob\" href=\"\/pl\/\"><\/a><\/div><\/div><\/div><div id=\"panel-11-0-0-2\" class=\"widget_text so-panel widget widget_custom_html\" data-index=\"2\" ><div class=\"widget_text block3 panel-widget-style panel-widget-style-for-11-0-0-2\" ><div class=\"textwidget custom-html-widget\"><img id=\"b3_ttl\" src=\"\/pl\/wp-content\/themes\/anigame\/img\/pl\/sm\/b3\/logo.png\">\n<img id=\"pers\" src=\"\/pl\/wp-content\/themes\/anigame\/img\/pl\/sm\/b3\/pers_overlay.png\">\n<img id=\"pers_ext\" src=\"\/fr\/wp-content\/themes\/anigame\/img\/fr\/sm\/b3\/characters_overlay_1.png\">\n<img id=\"pers_ext_2\" src=\"\/fr\/wp-content\/themes\/anigame\/img\/fr\/sm\/b3\/characters_overlay_2.png\">\n<!--[metaslider id=\"30\"]-->\n<div id=\"gallery_1\">\n\t<a class=\"landing-gallery-itemLink act itemLink0\" href=\"https:\/\/aniga.me\/pl\/wp-content\/themes\/anigame\/img\/pl\/sm\/b3\/SAO2_screen_1.jpg\" title=\"\" rel=\"lightbox\">\n\t\t<img class=\"landing-gallery-item-img\" src=\"\/pl\/wp-content\/themes\/anigame\/img\/pl\/sm\/b3\/scr1_preview.png\" alt=\"1\" title=\"1\" \/>\n\t<\/a>\n\t<a class=\"landing-gallery-itemLink itemLink1\" href=\"https:\/\/aniga.me\/pl\/wp-content\/themes\/anigame\/img\/pl\/sm\/b3\/SAO2_screen_2.jpg\" title=\"\" rel=\"lightbox\">\n\t\t<img class=\"landing-gallery-item-img\" src=\"\/pl\/wp-content\/themes\/anigame\/img\/pl\/sm\/b3\/scr2_preview.png\" alt=\"2\" title=\"2\" \/>\n\t<\/a>\n\t<a class=\"landing-gallery-itemLink itemLink2\" href=\"https:\/\/aniga.me\/pl\/wp-content\/themes\/anigame\/img\/pl\/sm\/b3\/SAO2_screen_3.jpg\" title=\"\" rel=\"lightbox\">\n\t\t<img class=\"landing-gallery-item-img\" src=\"\/pl\/wp-content\/themes\/anigame\/img\/pl\/sm\/b3\/scr3_preview.png\" alt=\"3\" title=\"3\" \/>\n\t<\/a>\n\t<a class=\"landing-gallery-itemLink itemLink3\" href=\"https:\/\/aniga.me\/pl\/wp-content\/themes\/anigame\/img\/pl\/sm\/b3\/SAO2_screen_4.jpg\" title=\"\" rel=\"lightbox\">\n\t\t<img class=\"landing-gallery-item-img\" src=\"\/pl\/wp-content\/themes\/anigame\/img\/pl\/sm\/b3\/scr4_preview.png\" alt=\"4\" title=\"4\" \/>\n\t<\/a>\n\t<a class=\"landing-gallery-itemLink itemLink4\" href=\"https:\/\/aniga.me\/pl\/wp-content\/themes\/anigame\/img\/pl\/sm\/b3\/SAO2_screen_5.jpg\" title=\"\" rel=\"lightbox\">\n\t\t<img class=\"landing-gallery-item-img\" src=\"\/pl\/wp-content\/themes\/anigame\/img\/pl\/sm\/b3\/scr5_preview.png\" alt=\"5\" title=\"5\" \/>\n\t<\/a>\n\t<a class=\"landing-gallery-itemLink itemLink5\" href=\"https:\/\/aniga.me\/pl\/wp-content\/themes\/anigame\/img\/pl\/sm\/b3\/SAO2_screen_6.jpg\" title=\"\" rel=\"lightbox\">\n\t\t<img class=\"landing-gallery-item-img\" src=\"\/pl\/wp-content\/themes\/anigame\/img\/pl\/sm\/b3\/scr6_preview.png\" alt=\"6\" title=\"6\" \/>\n\t<\/a>\n\t<a class=\"landing-gallery-itemLink itemLink6\" href=\"https:\/\/aniga.me\/pl\/wp-content\/themes\/anigame\/img\/pl\/sm\/b3\/SAO2_screen_7.jpg\" title=\"\" rel=\"lightbox\">\n\t\t<img class=\"landing-gallery-item-img\" src=\"\/pl\/wp-content\/themes\/anigame\/img\/pl\/sm\/b3\/scr7_preview.png\" alt=\"7\" title=\"7\" \/>\n\t<\/a>\n\t<a class=\"landing-gallery-itemLink itemLink7\" href=\"https:\/\/aniga.me\/pl\/wp-content\/themes\/anigame\/img\/pl\/sm\/b3\/SAO2_screen_8.jpg\" title=\"\" rel=\"lightbox\">\n\t\t<img class=\"landing-gallery-item-img\" src=\"\/pl\/wp-content\/themes\/anigame\/img\/pl\/sm\/b3\/scr8_preview.png\" alt=\"8\" title=\"8\" \/>\n\t<\/a>\n\t<a class=\"ar_l\"><\/a>\n\t<a class=\"ar_r\"><\/a>\n<\/div><\/div><\/div><\/div><div id=\"panel-11-0-0-3\" class=\"widget_text so-panel widget widget_custom_html panel-last-child\" data-index=\"3\" ><div class=\"widget_text block4 panel-widget-style panel-widget-style-for-11-0-0-3\" ><div class=\"textwidget custom-html-widget\"><p class=\"txt_underlay\">Sword Masters is an exciting and vibrant MMORPG that combines all the best aspects of the genre. It\u2019s not just a game that\u2019s full of features, options, and rich landscapes \u2014 it\u2019s also a world where traps and challenges await, a world with dangers and obstacles, a world where you can\u2019t remain indifferent. Varied gameplay and well-rounded tiers are combined with an epic storyline. Lead a team of valiant heroes, train them in combat, upgrade their equipment and skills, and set off in search of adventure together! \n<\/p>\n<div class=\"outer_her\">\n\t<img src=\"\/pl\/wp-content\/themes\/anigame\/img\/pl\/sm\/b4\/cells.png\">\n\t<span class=\"t1\">Outstanding storyline<\/span>\n\t<span class=\"t2\">Engaging and dynamic battle system<\/span>\n\t<span class=\"t3\">Anime-style animation<\/span>\n\t<span class=\"t4\">Group and solo battles<\/span>\n\t<span class=\"t5\">Many PVP and PVE modes<\/span>\n<\/div>\n\n<a href=\"\/pl\/swordmasters\/news\/\" class=\"news_link\"><\/a> <\/div><\/div><\/div><\/div><\/div><\/div>","protected":false},"excerpt":{"rendered":"<p>By zagra\u0107, musisz po prostu pobra\u0107 plik APK, zainstalowa\u0107 go na swoim urz\u0105dzeniu i uruchomi\u0107 gr\u0119! Wszystkie Twoje post\u0119py z wersji przegl\u0105darkowej zostan\u0105 przeniesione do wersji mobilnej. Plik APK pobierzesz na naszej stronie, gdzie tak\u017ce znajdziesz wi\u0119cej informacji. Sword Masters is an exciting and vibrant MMORPG that combines all the best aspects of the genre. &hellip; <\/p>\n<p class=\"link-more\"><a href=\"https:\/\/aniga.me\/en\/swordmasters\/\" class=\"more-link\">Continue reading<span class=\"screen-reader-text\"> &#8220;Sword Masters&#8221;<\/span><\/a><\/p>\n","protected":false},"author":1,"featured_media":0,"parent":0,"menu_order":0,"comment_status":"closed","ping_status":"closed","template":"","meta":[],"_links":{"self":[{"href":"https:\/\/aniga.me\/en\/wp-json\/wp\/v2\/pages\/11"}],"collection":[{"href":"https:\/\/aniga.me\/en\/wp-json\/wp\/v2\/pages"}],"about":[{"href":"https:\/\/aniga.me\/en\/wp-json\/wp\/v2\/types\/page"}],"author":[{"embeddable":true,"href":"https:\/\/aniga.me\/en\/wp-json\/wp\/v2\/users\/1"}],"replies":[{"embeddable":true,"href":"https:\/\/aniga.me\/en\/wp-json\/wp\/v2\/comments?post=11"}],"version-history":[{"count":25,"href":"https:\/\/aniga.me\/en\/wp-json\/wp\/v2\/pages\/11\/revisions"}],"predecessor-version":[{"id":207,"href":"https:\/\/aniga.me\/en\/wp-json\/wp\/v2\/pages\/11\/revisions\/207"}],"wp:attachment":[{"href":"https:\/\/aniga.me\/en\/wp-json\/wp\/v2\/media?parent=11"}],"curies":[{"name":"wp","href":"https:\/\/api.w.org\/{rel}","templated":true}]}}