{"id":99,"date":"2020-08-18T16:56:44","date_gmt":"2020-08-18T13:56:44","guid":{"rendered":"https:\/\/aniga.me\/de\/?page_id=99"},"modified":"2020-10-16T17:19:36","modified_gmt":"2020-10-16T15:19:36","slug":"games","status":"publish","type":"page","link":"https:\/\/aniga.me\/de\/agreements\/games\/","title":{"rendered":"Datenschutz- und Cookie-Richtlinie"},"content":{"rendered":"<p>Datenschutz- und Cookie-Richtlinie<\/p>\n<p>Das LUCK ONLINE LLC bezweckt den Schutz der Datenschutzrechte seiner Online-Benutzer (\u201eSie\u201c oder \u201eBenutzer\u201c). Diese Datenschutz- und Cookie-Richtlinie soll Sie dar\u00fcber informieren, wie das LUCK ONLINE LLC die von Ihnen bereitgestellten Daten, die Sie w\u00e4hrend der Nutzung von Spielen oder Anwendungen des LUCK ONLINE LLC (\u201eServices\u201c) bereitstellen, sammelt, speichert, verwendet und verwaltet.<\/p>\n<p>Gem\u00e4\u00df der von der Europ\u00e4ischen Union (\u201eEU\u201c) ver\u00f6ffentlichten Allgemeinen Datenschutzverordnung (\u201eDSGVO\u201c) kontrollieren wir die Daten. Wenn Sie Bedenken hinsichtlich des Datenschutzes haben, wenden Sie sich bitte an unseren Datenschutzbeauftragten unter https:\/\/aniga.me\/de\/support\/.<br \/>\nDie Datenschutz- und Cookie-Richtlinie kann von Zeit zu Zeit aktualisiert werden. Wir werden Sie \u00fcber alle \u00c4nderungen informieren, indem wir die neuen Datenschutz- und Cookie-Richtlinien auf der Website ver\u00f6ffentlichen. Es wird empfohlen, diese Datenschutz- und Cookie-Richtlinie regelm\u00e4\u00dfig auf \u00c4nderungen zu \u00fcberpr\u00fcfen.<br \/>\n1. Gesammelte und verwendete Daten<br \/>\nDas Hauptziel des LUCK ONLINE LLC bei der Erfassung Ihrer Daten besteht darin, unsere Services und Software zu betreiben und zu verbessern und Ihnen eine einfache Navigation zu gew\u00e4hren und Sie die Services genie\u00dfen zu lassen. Die Daten, die wir sammeln, h\u00e4ngen davon ab, welche Services Sie benutzen und wie Sie sie benutzen.<br \/>\n1.1 Personenbezogene Daten, die direkt von Ihnen bereitgestellt werden<br \/>\nDie von Ihnen bereitgestellten personenbezogenen Daten sind f\u00fcr die Erf\u00fcllung der Vereinbarung, f\u00fcr Validierungszwecke und f\u00fcr den Abschluss von Transaktionen sowie f\u00fcr die Durchsetzung von Lizenzbestimmungen und f\u00fcr die Verwaltung Ihrer Anfragen erforderlich.<br \/>\nWir werden Ihre personenbezogenen Daten erfassen, wenn Sie sich wechselseitig auf unsere Services beziehen, z. B.: wenn Sie sich \u00fcber die Services bei uns anmelden und ein Konto erstellen; oder einen Kauf \u00fcber die Services machen; oder Verm\u00f6genswerte, Inhalte oder Spiele \u00fcber die Services anbieten und\/oder verkaufen; oder um technische Unterst\u00fctzung bitten; oder Software herunterladen, registrieren und\/oder installieren; oder Inhalte \u00fcber die Services ver\u00f6ffentlichen.<\/p>\n<p>Solche personenbezogenen Daten schlie\u00dfen Folgendes mit ein:<br \/>\n\u2022    Ihr Benutzername, E-Mail-Adresse, Land und Passwort;<br \/>\n\u2022    Informationen \u00fcber Ihr LUCK ONLINE LLCKONTO;<br \/>\n\u2022    Sicherheitsfragen und -antworten;<br \/>\n\u2022    Informationen, die Sie mitteilen, wenn Sie unsere Hilfe suchen, wie Ihr Name und Beschreibung von aufgetretenen Problemen;<br \/>\n\u2022    Informationen, die Sie zur Teilnahme an einem Wettbewerb oder Gewinnspiel angeben. Wenn Sie gewinnen, k\u00f6nnen wir Ihre Postanschrift und\/oder Ihre nationalen Identifikationsdaten f\u00fcr die Best\u00e4tigung des Rechts, die Lieferung des Preises und steuerliche Zwecke brauchen.<br \/>\nBitte beachten Sie Folgendes: der Kauf von virtuellen Waren, die von den Services angeboten werden, wird von einem Dritten verwaltet. Daher hat das LUCK ONLINE LLC keinen Zugriff auf Ihre Zahlungsdaten und Rechnungsdaten.<br \/>\n1.2 Sonstige Daten, die bei der Nutzung unserer Services gesammelt werden<br \/>\nWenn Sie unsere Produkte verwenden, erfassen wir automatisch andere Daten einschlie\u00dflich Folgender:<\/p>\n<p>\u2022    IP-Adresse;<br \/>\n\u2022    Mobile und andere Hardware- oder Ger\u00e4teidentifikatoren;<br \/>\n\u2022    Browserdaten einschlie\u00dflich des Browsertyps und der Spracheinstellung;<br \/>\n\u2022    Empfohlene Seiten und Beendigungsseiten einschlie\u00dflich der Anmeldeseiten und besuchten Seiten;<br \/>\n\u2022    Plattformtyp;<br \/>\n\u2022    Informationen zu Ihren Medien, Ger\u00e4ten, Hardware und Software, wie z. B. Ihre Hardwareeinstellungen und Zubeh\u00f6r, Software und Updates, die Sie installiert oder verwendet haben, sowie das Vorhandensein der erforderlichen Plug-Ins;<br \/>\n\u2022    Details \u00fcber die von Ihnen benutzten Services und Ihre Benutzung von Services;<br \/>\n\u2022 Ger\u00e4teereignisdaten einschlie\u00dflich der Crash-Berichte, angeforderten und empfohlenen URLs und Systemaktivit\u00e4tsdetails;<br \/>\n\u2022    Ihr Kauf von virtuellen Produkten jeglicher Art oder anderen Gesch\u00e4ftsereignissen;<br \/>\n\u2022    Fortschrittsereignisse, die f\u00fcr die Markierung Ihres Fortschritts oder Ihrer Bewegung im Spiel verwendet werden;<br \/>\n\u2022    Resourceereignisse wie virtuelle W\u00e4hrungen in den Spielen, die Sie erhalten oder ausgeben;<br \/>\n\u2022    Designereignisse, die f\u00fcr die Verfolgung Ihres Verhaltens im Spiel verwendet werden. Sie k\u00f6nnen sich auf jeden Aspekt des Spieldesigns beziehen, einschlie\u00dflich, aber nicht beschr\u00e4nkt auf: Level- oder Charakterdesign, Boni, soziale Interaktionen usw.;<br \/>\n\u2022    Fehlerereignisse wie Fehler, die w\u00e4hrend des Spiels aufgetreten;<br \/>\n\u2022    Benutzerfelder, die die von Ihnen definierten Spielparameter enthalten.<br \/>\n1.3 Daten, die von Dritten bereitgestellt werden<br \/>\nWenn Sie sich \u00fcber die Plattformen von Dritten f\u00fcr unsere Produkte anmelden, erkl\u00e4ren Sie sich damit einverstanden, uns Ihre Kontodaten f\u00fcr Plattformen von Dritten bereitzustellen, f\u00fcr die wir ein LUCK ONLINE LLCKONTO f\u00fcr Sie erstellen k\u00f6nnen. Sie brauchen ein LUCK ONLINE LLCKONTO, um Produkte des LUCK ONLINE LLC auf diesen Plattformen zu benutzen.  Wir d\u00fcrfen von Dritten personenbezogene Daten wie Ihr Name, E-Mail-Adresse, Online-ID, Ihr Land usw. erhalten, die Sie Dritten selbst mitgeteilt haben. Wir bekommen keinen Zugriff auf Ihre Kreditkartennummer oder andere finanzielle Daten.<br \/>\nSolche Dritten\/Plattformen enthalten Folgendes, sind jedoch darauf nicht beschr\u00e4nkt:<br \/>\n\u2022    Mobile Plattformen<br \/>\n\u2022    Facebook<br \/>\n\u2022    Google Play<br \/>\n\u2022    APP Store<br \/>\nDas LUCK ONLINE LLC kann Ihre Daten im Spiel kombinieren und\/oder analysieren, um die gesamten Services zu verbessern. Wir stellen hiermit klar, dass wir auf dieser Grundlage niemals Entscheidungen treffen werden, die rechtliche Auswirkungen auf Sie oder \u00e4hnlich bedeutende Auswirkungen auf Sie haben. Unser Ziel ist, Ihnen eine bessere Benutzererfahrung zu bieten und damit unsere Services zu verbessern.<\/p>\n<p>Wenn Sie es nicht m\u00f6chten, dass wir Ihre personenbezogenen Daten erfassen oder verarbeiten, k\u00f6nnen Sie uns jederzeit auffordern, die Erfassung und Verarbeitung Ihrer personenbezogenen Daten einzustellen. Weitere Informationen hierzu finden Sie in Abschnitt 3.<br \/>\n2. Entscheidungen<br \/>\nSie haben die Wahl, ob Sie uns Ihre personenbezogenen Daten bereitstellen und ob die Daten weitergegeben werden d\u00fcrfen. Grunds\u00e4tzlich fragen wir nur nach den personenbezogenen Daten, die f\u00fcr die Bereitstellung des von Ihnen angefragten Services erforderlich sind. Sie k\u00f6nnen dem Sammeln von Daten zustimmen oder Ihre Zustimmung widerrufen. Falls Sie Ihre Zustimmung widerrufen m\u00f6chten, kontaktieren Sie uns unter https:\/\/aniga.me\/de\/support\/ um Ihre Wahl zu treffen. Der Widerruf der Zustimmung hat jedoch keine Auswirkungen auf die Verarbeitung Ihrer Daten vor dem Widerruf. Unter bestimmten Umst\u00e4nden kann Ihr Widerruf der Zustimmung oder die Entscheidung, Ihre Daten an uns nicht weiterzugeben, unsere Services beeintr\u00e4chtigen.<br \/>\n3. \u00c4nderung oder L\u00f6schung Ihrer Daten<br \/>\nGem\u00e4\u00df der DSGVO (falls zutreffend) haben Sie Anspruch auf bestimmte Rechte des Subjekts personenbezogener Rechte, einschlie\u00dflich des Rechts: (i) den Zugriff auf Ihre personenbezogenen Daten und die Korrektur Ihrer personenbezogenen Daten anzufragen; (ii) die Einschr\u00e4nkung oder den Verzicht auf die Verarbeitung Ihrer personenbezogenen Daten zu beantragen; und (iii) eine Kopie Ihrer personenbezogenen Daten in digitaler Form f\u00fcr sich oder f\u00fcr einen Dritten anzufordern; und (iv) sich bei uns zu erkundigen, wie Ihre pers\u00f6nlichen Daten von uns verwendet werden; (v) Ihre personenbezogenen Daten l\u00f6schen zu lassen, wenn das LUCK ONLINE LLC gesetzlich nicht verpflichtet ist, Ihre personenbezogenen Daten zu speichern; und\/oder sonstige Rechte, die durch geltende Datenschutzgesetze vorgesehen sind.<br \/>\nFalls Sie jegliche von obengenannten Rechten aus\u00fcben m\u00f6chten, kontaktieren Sie das LUCK ONLINE LLC unter https:\/\/aniga.me\/de\/support\/. Zu Ihrem Verst\u00e4ndnis: Sollten Ihre pers\u00f6nlichen Daten gel\u00f6scht\/vernichtet oder vollst\u00e4ndig an Dritte \u00fcbertragen werden, kann Ihr Konto deaktiviert werden. Wenn Sie ein Besucher oder Benutzer au\u00dferhalb der EU sind, werden Ihre personenbezogenen Daten direkt gesammelt, verarbeitet und in den Einrichtungen gespeichert, wo wir unser Gesch\u00e4ft betreiben. Unabh\u00e4ngig davon, wo wir personenbezogene Daten sammeln, werden wir Gesch\u00e4ftsma\u00dfnahmen ergreifen, um Ihre Datenschutzrechte gem\u00e4\u00df Abschnitt 6 zu sch\u00fctzen. Sollten Sie unserer Erfassung, Verarbeitung, Speicherung und \u00dcbertragung Ihrer pers\u00f6nlichen Daten nicht zustimmen, teilen Sie Ihre Daten nicht mit, wenn Sie darum gebeten werden, und stellen Sie die Nutzung der Services ein.<br \/>\n4. Weitergabe bzw. Offenlegung von Daten<br \/>\nWir geben keine personenbezogenen Daten weiter, die Sie direkt mit ungebundenen Dritten identifizieren, es sei denn, es handelt sich um die Bereitstellung von Produkten oder Services, die Sie angefordert haben, oder wenn das LUCK ONLINE LLC Ihre Erlaubnis hat, oder unter folgenden Umst\u00e4nden:<br \/>\n\u2022    Aus gesetzlichen Gr\u00fcnden;<br \/>\n\u2022    Umsetzung geltender Servicebedingungen einschlie\u00dflich der Ermittlung eventueller Verst\u00f6\u00dfe;<br \/>\n\u2022    Erkennung, Verhinderung oder Behebung der Betrugs-, Sicherheits- oder technischen Vorf\u00e4lle;<br \/>\n\u2022    Schutz vor der Verletzung der Rechte, des Eigentums oder der Sicherheit des LUCK ONLINE LLC oder der \u00d6ffentlichkeit sowie Ihrer Rechte, Ihres Eigentums oder Ihrer Sicherheit, wie es gesetzlich vorgeschrieben oder gestattet ist;<br \/>\n\u2022    Erforderlich f\u00fcr die Bereitstellung der von Ihnen ben\u00f6tigten Services. Falls wir einen Vertrag mit einem Dritten abschlie\u00dfen, um einen Teil der von Ihnen angeforderten Services bereitzustellen oder uns bei der Analyse unserer Services oder Informationen zu unterst\u00fctzen (sofern Sie zustimmen), kann das LUCK ONLINE LLC Ihre Informationen an diesen Dritten weitergeben oder dieser Dritte kann in unserem Namen Informationen von Ihnen sammeln. Wenn unsere Drittagenten oder Dienstleister Ihre pers\u00f6nlichen Daten sammeln oder erhalten, bitten wir sie die Daten in dem Umfang zu verwenden, der ausschlie\u00dflich f\u00fcr die Zwecke und gem\u00e4\u00df gleichen Standards in \u00dcbereinstimmung mit dieser Richtlinie erforderlich ist.<br \/>\nDar\u00fcber hinaus k\u00f6nnen wir Informationen \u00fcber Sie im Zusammenhang mit einer LUCK ONLINE LLCreorganisation, -fusion oder -verschmelzung oder dem Verkauf aller oder im Wesentlichen aller unserer Verm\u00f6genswerte an Dritte weitergeben, und wir werden Ihre Zustimmung dazu einholen, wenn dies gesetzlich vorgeschrieben ist.<br \/>\nSchlie\u00dflich werden wir die von Ihnen gesammelten oder auf eine andere Weise erworbenen Informationen verschl\u00fcsseln, aggregieren und\/oder anonymisieren, damit Sie durch diese Informationen nicht identifiziert werden. Unsere Verwendung und Offenlegung von aggregierten, anonymisierten und anderweitig nicht identifizierbaren Informationen unterliegt keinen Einschr\u00e4nkungen gem\u00e4\u00df dieser Datenschutz- und Cookie-Richtlinie. Wir k\u00f6nnen diese Informationen ohne Einschr\u00e4nkungen zu jeglichen Zwecken an andere einschlie\u00dflich der Spieleentwickler, Werbetreibenden, Verlage, Gesch\u00e4ftspartner, Sponsoren und andere Dritte weitergeben.<br \/>\n5. Internationaler Transfer<br \/>\nZu den in dieser Richtlinie beschriebenen Zwecken k\u00f6nnen Ihre Daten in andere L\u00e4nder au\u00dferhalb der Gerichtsbarkeit \u00fcbertragen werden, wo Sie Ihren Sitz zu den Speicherungs- und Verarbeitungszwecken haben. Diese Daten\u00fcbertragungen sind f\u00fcr die Bereitstellung der hier aufgef\u00fchrten Services erforderlich. Wenn Ihre personenbezogenen Daten in ein Land \u00fcbertragen werden, das im Vergleich zu den Gesetzen Ihres Landes keinen \u00e4hnlichen oder angemessenen Schutz bietet, werden Ihre personenbezogenen Daten jedoch den in dieser Richtlinie beschriebenen Schutzma\u00dfnahmen unterliegen. Wir werden in \u00dcbereinstimmung mit Standardvertragsklauseln, verbindlichen LUCK ONLINE LLCregeln und anderen rechtlichen Ma\u00dfnahmen arbeiten, um angemessene Schutzma\u00dfnahmen zu ergreifen, um sicherzustellen, dass Ihre personenbezogenen Daten durch diese Datenschutz- und Cookie-Richtlinie gesch\u00fctzt sind.<br \/>\n6. Sicherheit und Aufbewahrung<br \/>\nDas LUCK ONLINE LLC hat angemessene technische und organisatorische Ma\u00dfnahmen getroffen, um Ihre personenbezogenen Daten vor zuf\u00e4lligem Verlust und vor unbefugtem Zugriff, Verwendung, \u00c4nderung oder Offenlegung zu sch\u00fctzen. Trotzdem kann das LUCK ONLINE LLC nicht garantieren, dass die aktuellen Sicherheitsma\u00dfnahmen v\u00f6llig einwandfrei sind. Au\u00dferdem \u00fcbernehmen wir keine Verantwortung f\u00fcr die Weitergabe Ihrer personenbezogenen Daten, die sich aus Offenlegung Ihrer pers\u00f6nlichen Daten gegen\u00fcber der \u00d6ffentlichkeit und\/oder Ihrer unangemessenen Benutzung unserer Services ergeben. Wir werden Ihre Informationen und Daten nicht l\u00e4nger als n\u00f6tig und f\u00fcr die Dauer der Vereinbarung mit Ihnen aufbewahren, es sei denn, wir sind gesetzlich verpflichtet, Ihre Daten aufzubewahren, z. B. um Streitigkeiten beizulegen, unsere Nutzungsbedingungen oder andere Nutzungsvereinbarungen durchzusetzen oder um gesetzliche Anforderungen zu erf\u00fcllen; In diesem Fall werden Ihre personenbezogenen Daten vor der Benutzung zu anderen Zwecken gesch\u00fctzt.<br \/>\n7. Cookies<br \/>\nEin Cookie ist eine kleine Datendatei, die das LUCK ONLINE LLC zu den Aufzeichnungszwecken an die Festplatte Ihres Computers \u00fcbertr\u00e4gt, um den Computer eines Benutzers grunds\u00e4tzlich schnell zu identifizieren und sich Details \u00fcber den Besuch des Benutzers zu &#8222;merken&#8220;. Der Server sendet Cookies an Ihren Computer, wenn Sie auf Inhalte eines LUCK ONLINE LLCSPIELS zugreifen oder diese anzeigen. Die in einem Cookie enthaltenen Informationen k\u00f6nnen mit Ihren personenbezogenen Daten verkn\u00fcpft werden, um beispielsweise die Qualit\u00e4t unserer Services zu verbessern, Empfehlungen auf Ihre Interessen abzustimmen und die Nutzung der Services zu vereinfachen. Sie k\u00f6nnen Cookies jederzeit deaktivieren, f\u00fcr die Sie m\u00f6glicherweise nicht alle Teile oder Funktionen der Services benutzen k\u00f6nnen. Das LUCK ONLINE LLC arbeitet mit Dritten zusammen, die uns Analyse- und Marketingservices anbieten. Um die Benutzererfahrung unserer Service zu optimieren, k\u00f6nnen wir diesen Dritten erlauben, Cookies in Ihrem Browser zu installieren, um die Informationen \u00fcber Ihre Nutzung der Services zu sammeln. Wir haben weder Zugriff auf Cookies oder andere Technologien, die von ungebundenen Werbetechnologien Dritter, Werbeservern oder Werbenetzwerken auf Ihrem elektronischen Ger\u00e4t installiert werden k\u00f6nnen, noch regeln unsere Cookie-Richtlinien deren Benutzung. Die Sitzungscookies werden von Ihrem Computer gel\u00f6scht, wenn Sie Ihren Browser schlie\u00dfen. Im Optionsmen\u00fc Ihres Browsers k\u00f6nnen Sie festlegen, dass Cookies nicht mehr akzeptiert oder Sie benachrichtigt werden, bevor Sie Cookies der von Ihnen besuchten Websites akzeptieren.<br \/>\n8. Kinderrichtlinien<br \/>\nWir erkennen eine besondere Verpflichtung zum Schutz personenbezogener Daten von Kindern an. Die Services richten sich an ein allgemeines Publikum und das LUCK ONLINE LLC sammelt absichtlich keine personenbezogenen Daten von Kindern. Wenn sich Benutzer als Kinder identifizieren (d.h. unter 16 Jahren oder unter dem Mindestalter in dem entsprechenden Gebiet), erhalten wir gem\u00e4\u00df geltendem Recht die Zustimmung der Eltern zur Erhebung, Verwendung und Weitergabe der personenbezogenen Daten ihrer Kinder. Die gesammelten Daten werden in einer Weise gesichert, die dieser Datenschutz- und Cookie-Richtlinie entspricht. Wenn wir wesentliche \u00c4nderungen an der Art und Weise vornehmen, wie wir personenbezogene Daten von Kindern verwenden, sammeln oder weitergeben, benachrichtigen wir die Eltern per E-Mail, um eine verifizierbare Zustimmung der Eltern f\u00fcr die neue Verwendung von personenbezogenen Daten des Kindes zu erhalten. Wenn Sie Eltern oder Erziehungsberechtigte sind und feststellen, dass Ihr Kind uns ohne Ihre Zustimmung Informationen mitgeteilt hat oder wenn Sie Ihre vorherige Zustimmung widerrufen, die von Ihrem Kind gesammelten Informationen \u00fcberpr\u00fcfen oder diese Informationen l\u00f6schen m\u00f6chten, kontaktieren Sie uns bitte unter https:\/\/aniga.me\/de\/support\/. Das LUCK ONLINE LLC erkennt die Bedeutung des Datenschutzes f\u00fcr Kinder an und ermutigt die Eltern, die Online-Aktivit\u00e4ten ihres Kindes regelm\u00e4\u00dfig zu \u00fcberpr\u00fcfen und zu \u00fcberwachen.<br \/>\n9. Kontaktieren Sie uns<br \/>\nSollten Sie Fragen \u00fcber diese Datenschutz- und Cookie-Richtlinie haben, kontaktieren Sie uns unter https:\/\/aniga.me\/de\/support\/<\/p>\n","protected":false},"excerpt":{"rendered":"<p>Datenschutz- und Cookie-Richtlinie Das LUCK ONLINE LLC bezweckt den Schutz der Datenschutzrechte seiner Online-Benutzer (\u201eSie\u201c oder \u201eBenutzer\u201c). Diese Datenschutz- und Cookie-Richtlinie soll Sie dar\u00fcber informieren, wie das LUCK ONLINE LLC die von Ihnen bereitgestellten Daten, die Sie w\u00e4hrend der Nutzung von Spielen oder Anwendungen des LUCK ONLINE LLC (\u201eServices\u201c) bereitstellen, sammelt, speichert, verwendet und verwaltet. &hellip; <\/p>\n<p class=\"link-more\"><a href=\"https:\/\/aniga.me\/de\/agreements\/games\/\" class=\"more-link\"><span class=\"screen-reader-text\">\u201eDatenschutz- und Cookie-Richtlinie\u201c<\/span> weiterlesen<\/a><\/p>\n","protected":false},"author":3,"featured_media":0,"parent":103,"menu_order":0,"comment_status":"closed","ping_status":"closed","template":"","meta":[],"_links":{"self":[{"href":"https:\/\/aniga.me\/de\/wp-json\/wp\/v2\/pages\/99"}],"collection":[{"href":"https:\/\/aniga.me\/de\/wp-json\/wp\/v2\/pages"}],"about":[{"href":"https:\/\/aniga.me\/de\/wp-json\/wp\/v2\/types\/page"}],"author":[{"embeddable":true,"href":"https:\/\/aniga.me\/de\/wp-json\/wp\/v2\/users\/3"}],"replies":[{"embeddable":true,"href":"https:\/\/aniga.me\/de\/wp-json\/wp\/v2\/comments?post=99"}],"version-history":[{"count":7,"href":"https:\/\/aniga.me\/de\/wp-json\/wp\/v2\/pages\/99\/revisions"}],"predecessor-version":[{"id":445,"href":"https:\/\/aniga.me\/de\/wp-json\/wp\/v2\/pages\/99\/revisions\/445"}],"up":[{"embeddable":true,"href":"https:\/\/aniga.me\/de\/wp-json\/wp\/v2\/pages\/103"}],"wp:attachment":[{"href":"https:\/\/aniga.me\/de\/wp-json\/wp\/v2\/media?parent=99"}],"curies":[{"name":"wp","href":"https:\/\/api.w.org\/{rel}","templated":true}]}}