{"id":94,"date":"2020-08-18T16:47:42","date_gmt":"2020-08-18T13:47:42","guid":{"rendered":"https:\/\/aniga.me\/de\/?page_id=94"},"modified":"2020-09-28T18:35:52","modified_gmt":"2020-09-28T16:35:52","slug":"gamerules","status":"publish","type":"page","link":"https:\/\/aniga.me\/de\/gamerules\/","title":{"rendered":"Regeln"},"content":{"rendered":"<p><strong>Regeln<\/strong><\/p>\n<p>Die Verwaltung unterst\u00fctzt v\u00f6llig die Prinzipien eines ehrlichen Spiels, die auf allgemeinen Vorstellungen \u00fcber die Begriffe wie Edelmut, Ehrlichkeit und Gerechtigkeit (Fair-play) beruhen. F\u00fcr \u00dcberwachung der Einhaltung dieser Prinzipien und Nichtzulassung der Verwendung von Spielmechaniken zu den Missbrauchzwecken und\/oder Verhinderung eines komfortablen Spiels f\u00fcr andere Spieler werden folgende Spielregeln eingef\u00fchrt.<br \/>\nSystem der Verst\u00f6\u00dfe und Sanktionen gegen die Angreifer in den Spielen mit mehreren Benutzern.<br \/>\nDiese Regeln stellen eine Erg\u00e4nzung zu der Benutzervereinbarung und sind durch alle Spieler ausnahmslos zu erf\u00fcllen.<br \/>\nAllgemeine Bestimmungen<br \/>\nAlle Sanktionen gegen den Spieler (den \u201eBenutzer\u201c) wegen der Verletzung dieser Regeln werden nach dem Ermessen der Verwaltung im Rahmen der unten aufgef\u00fchrten Liste festgesetzt. Die von der Verwaltung getroffene Entscheidung h\u00e4ngt von von dem Schweregrad und der Regelm\u00e4\u00dfigkeit der Verst\u00f6\u00dfe oder von anderen Faktoren ab, die mit diesen Verst\u00f6\u00dfen zusammenh\u00e4ngen. Die Sanktionen gegen die Person, die diese Regeln verletzt, k\u00f6nnen sich im Bereich zwischen eine schriftlichen Mahnung und der kompletten Sperrung des Benutzerkontos variieren.<br \/>\nSollte der Benutzer diese Regeln nicht kennen, wird er dadurch von der Haftung nicht freigestellt.<br \/>\nDie Verwaltung ist berechtigt, den Zugriff auf den Spielhelden\/das Konto ohne vorherige Ank\u00fcndigung und ohne Erkl\u00e4rung der Gr\u00fcnde zu sperren.<br \/>\nDie Spielregeln k\u00f6nnen ohne Benachrichtigung der Benutzer ge\u00e4ndert und\/oder erg\u00e4nzt werden. Solche \u00c4nderungen treten an dem auf den Tag deren Ver\u00f6ffentlichung auf der Webseite folgenden Tag in Kraft. Die Benutzer m\u00fcssen die Aktualit\u00e4t dieser Regeln selbstst\u00e4ndig \u00fcberpr\u00fcfen.<br \/>\nDer Benutzer ist informiert und erkl\u00e4rt sich damit einverstanden, dass die Verwaltung berechtigt ist, seinen Zugriff auf das Konto bis zu vollst\u00e4ndigen L\u00f6sung des entstandenen Problems zu sperren, falls er sich an den Servicedienst unter https:\/\/aniga.me wenden sollte. Die genaue Sperrdauer wird dem Benutzer vor der Sperrung \u00fcber das an den Servicedienst abzusendende Anmeldeformular mitgeteilt. Eine zeitweilige Sperrung ist bei der Ermittlung der Verst\u00f6\u00dfe m\u00f6glich. Die Verwaltung kann nicht garantieren, dass das Ergebnis der Ermittlung den Erwartungen des Spielers entsprechen wird, wird jedoch ihr Bestes tun, um das beste Ergebnis zu erzielen.<br \/>\nDer Benutzer ist informiert und erkl\u00e4rt sich damit einverstanden, dass die befristeten Spielwerte nach der Beendigung der Sperrung nicht wiederhergestellt werden, d.h. ihre G\u00fcltigkeit wird in diesem Zeitraum nicht eingestellt. Die Ausnahmen sind nach dem Ermessen der Verwaltung m\u00f6glich.<\/p>\n<p>Empfehlungen zur Kommunikation im Spielchat<br \/>\nRespektieren Sie Ihren Gespr\u00e4chspartner.<br \/>\nSeien Sie h\u00f6flich. Reden Sie, ohne Schimpfw\u00f6rter zu benutzen, ohne grobe Ausdr\u00fccke und Beleidigungen.<br \/>\nLassen Sie keine nationalistischen, politischen und religi\u00f6sen Aussagen in den Spielchats zu.<br \/>\nAlles, was durch das geltende Recht der Russischen F\u00f6deration untersagt ist, ist ebenfalls im Chat untersagt.<br \/>\nLassen Sie keine Werbung (darunter Kontextwerbung), keinen Verkauf, keine destruktive Propaganda und Irref\u00fchrung in den Spielchats zu.<br \/>\nBitte beachten Sie, dass in jedem Projekt seine eigene Versto\u00dfskala und eigene Strafen vorgesehen werden k\u00f6nnen.<\/p>\n","protected":false},"excerpt":{"rendered":"<p>Regeln Die Verwaltung unterst\u00fctzt v\u00f6llig die Prinzipien eines ehrlichen Spiels, die auf allgemeinen Vorstellungen \u00fcber die Begriffe wie Edelmut, Ehrlichkeit und Gerechtigkeit (Fair-play) beruhen. F\u00fcr \u00dcberwachung der Einhaltung dieser Prinzipien und Nichtzulassung der Verwendung von Spielmechaniken zu den Missbrauchzwecken und\/oder Verhinderung eines komfortablen Spiels f\u00fcr andere Spieler werden folgende Spielregeln eingef\u00fchrt. System der Verst\u00f6\u00dfe und &hellip; <\/p>\n<p class=\"link-more\"><a href=\"https:\/\/aniga.me\/de\/gamerules\/\" class=\"more-link\"><span class=\"screen-reader-text\">\u201eRegeln\u201c<\/span> weiterlesen<\/a><\/p>\n","protected":false},"author":3,"featured_media":0,"parent":0,"menu_order":0,"comment_status":"closed","ping_status":"closed","template":"","meta":[],"_links":{"self":[{"href":"https:\/\/aniga.me\/de\/wp-json\/wp\/v2\/pages\/94"}],"collection":[{"href":"https:\/\/aniga.me\/de\/wp-json\/wp\/v2\/pages"}],"about":[{"href":"https:\/\/aniga.me\/de\/wp-json\/wp\/v2\/types\/page"}],"author":[{"embeddable":true,"href":"https:\/\/aniga.me\/de\/wp-json\/wp\/v2\/users\/3"}],"replies":[{"embeddable":true,"href":"https:\/\/aniga.me\/de\/wp-json\/wp\/v2\/comments?post=94"}],"version-history":[{"count":2,"href":"https:\/\/aniga.me\/de\/wp-json\/wp\/v2\/pages\/94\/revisions"}],"predecessor-version":[{"id":372,"href":"https:\/\/aniga.me\/de\/wp-json\/wp\/v2\/pages\/94\/revisions\/372"}],"wp:attachment":[{"href":"https:\/\/aniga.me\/de\/wp-json\/wp\/v2\/media?parent=94"}],"curies":[{"name":"wp","href":"https:\/\/api.w.org\/{rel}","templated":true}]}}