{"id":25,"date":"2020-08-04T15:55:08","date_gmt":"2020-08-04T12:55:08","guid":{"rendered":"https:\/\/aniga.me\/de\/?page_id=25"},"modified":"2026-02-13T15:53:20","modified_gmt":"2026-02-13T14:53:20","slug":"swordmasters","status":"publish","type":"page","link":"https:\/\/aniga.me\/de\/swordmasters\/","title":{"rendered":"Sword Masters"},"content":{"rendered":"<div id=\"pl-25\"  class=\"panel-layout\" ><div id=\"pg-25-0\"  class=\"panel-grid panel-no-style\" ><div id=\"pgc-25-0-0\"  class=\"panel-grid-cell\" ><div id=\"panel-25-0-0-0\" class=\"widget_text so-panel widget widget_custom_html panel-first-child\" data-index=\"0\" ><div class=\"widget_text block1 panel-widget-style panel-widget-style-for-25-0-0-0\" ><div class=\"textwidget custom-html-widget\"><div class=\"form_outer\">\n\t<div id=\"osdk-auth-widget-holder\"><div id=\"loader\"><\/div><\/div>\n    <script>\n    !function(a,b,c,d){a._osdkAuthFn=d,a[d]=a[d]||function(){(a[d].cs=a[d].cs||[]).push(arguments)};var e=b.createElement(\"script\"),f=b.getElementsByTagName(\"script\")[0];e.async=1,e.src=c,f.parentNode.insertBefore(e,f)}(window,document,\"\/\/ostatic.ab788933.me\/auth\/js\/widget.js?v=1\",\"osdkAuthWidget\");\n\n    osdkAuthWidget({\n        service: 'auth.ab788933.me',\n        holder: 'osdk-auth-widget-holder',\n        width: 400,\n        height: 820,\n        returnTo: 'https:\/\/aniga.me\/de\/swordmasters\/game\/',\n        consumer: 'portal-sa.ani-de',\n        locale: 'de_DE',\n        stylesUrl: 'https:\/\/aniga.me\/cdn\/auth-custom-theme\/sao2-form2.de.css?v=31',\n        eula: 'games'\n    });\n    <\/script>\n<\/div>\n<div class=\"btn_outer\">\n\t<img class=\"pers\" src=\"https:\/\/animaga.me\/pl\/wp-content\/themes\/anigame\/img\/pl\/sm\/b1\/pers.png\">\n\t<img class=\"logos\" src=\"https:\/\/animaga.me\/pl\/wp-content\/themes\/anigame\/img\/pl\/sm\/b1\/logo.png\">\n\t<a class=\"play_btn\"><\/a>\n<\/div><\/div><\/div><\/div><div id=\"panel-25-0-0-1\" class=\"widget_text so-panel widget widget_custom_html\" data-index=\"1\" ><div class=\"widget_text block2 panel-widget-style panel-widget-style-for-25-0-0-1\" ><div class=\"textwidget custom-html-widget\"><img id=\"txt_pic\" src=\"\/pl\/wp-content\/themes\/anigame\/img\/pl\/sm\/b2\/title_deco.png\">\n<img id=\"pers1\" src=\"\/pl\/wp-content\/themes\/anigame\/img\/pl\/sm\/b2\/mobile_kirito.png\">\n<div class=\"sub_txt\">\nUm auf deinem Mobilger\u00e4t, Tablet oder Smartphone zu spielen, musst du nur die APK-Datei herunterladen, sie auf deinem Ger\u00e4t installieren und das Spiel starten! Dein gesamter Fortschritt vom Spielen der Browserversion wird auf deine Mobilversion des Spiels \u00fcbertragen. Auf unserer speziell dazu eingerichteten Seite kannst du die APK-Datei herunterladen und mehr erfahren.\n\n<\/div>\n<a class=\"play_btn_mob\" href=\"\/pl\/\"><\/a><\/div><\/div><\/div><div id=\"panel-25-0-0-2\" class=\"widget_text so-panel widget widget_custom_html\" data-index=\"2\" ><div class=\"widget_text block3 panel-widget-style panel-widget-style-for-25-0-0-2\" ><div class=\"textwidget custom-html-widget\"><img id=\"b3_ttl\" src=\"\/pl\/wp-content\/themes\/anigame\/img\/pl\/sm\/b3\/logo.png\">\n<img id=\"pers\" src=\"\/pl\/wp-content\/themes\/anigame\/img\/pl\/sm\/b3\/pers_overlay.png\">\n<img id=\"pers_ext\" src=\"\/fr\/wp-content\/themes\/anigame\/img\/fr\/sm\/b3\/characters_overlay_1.png\">\n<img id=\"pers_ext_2\" src=\"\/fr\/wp-content\/themes\/anigame\/img\/fr\/sm\/b3\/characters_overlay_2.png\">\n<!--[metaslider id=\"30\"]-->\n<div id=\"gallery_1\">\n\t<a class=\"landing-gallery-itemLink act itemLink0\" href=\"https:\/\/aniga.me\/de\/wp-content\/themes\/anigame\/img\/sm\/b3\/SAO2_screen_1.jpg\" title=\"\" rel=\"lightbox\">\n\t\t<img class=\"landing-gallery-item-img\" src=\"\/de\/wp-content\/themes\/anigame\/img\/sm\/b3\/scr1_preview.png\" alt=\"1\" title=\"1\" \/>\n\t<\/a>\n\t<a class=\"landing-gallery-itemLink itemLink1\" href=\"https:\/\/aniga.me\/de\/wp-content\/themes\/anigame\/img\/sm\/b3\/SAO2_screen_2.jpg\" title=\"\" rel=\"lightbox\">\n\t\t<img class=\"landing-gallery-item-img\" src=\"\/de\/wp-content\/themes\/anigame\/img\/sm\/b3\/scr2_preview.png\" alt=\"2\" title=\"2\" \/>\n\t<\/a>\n\t<a class=\"landing-gallery-itemLink itemLink2\" href=\"https:\/\/aniga.me\/de\/wp-content\/themes\/anigame\/img\/sm\/b3\/SAO2_screen_3.jpg\" title=\"\" rel=\"lightbox\">\n\t\t<img class=\"landing-gallery-item-img\" src=\"\/de\/wp-content\/themes\/anigame\/img\/sm\/b3\/scr3_preview.png\" alt=\"3\" title=\"3\" \/>\n\t<\/a>\n\t<a class=\"landing-gallery-itemLink itemLink3\" href=\"https:\/\/aniga.me\/de\/wp-content\/themes\/anigame\/img\/sm\/b3\/SAO2_screen_4.jpg\" title=\"\" rel=\"lightbox\">\n\t\t<img class=\"landing-gallery-item-img\" src=\"\/de\/wp-content\/themes\/anigame\/img\/sm\/b3\/scr4_preview.png\" alt=\"4\" title=\"4\" \/>\n\t<\/a>\n\t<a class=\"landing-gallery-itemLink itemLink4\" href=\"https:\/\/aniga.me\/de\/wp-content\/themes\/anigame\/img\/sm\/b3\/SAO2_screen_5.jpg\" title=\"\" rel=\"lightbox\">\n\t\t<img class=\"landing-gallery-item-img\" src=\"\/de\/wp-content\/themes\/anigame\/img\/sm\/b3\/scr5_preview.png\" alt=\"5\" title=\"5\" \/>\n\t<\/a>\n\t<a class=\"landing-gallery-itemLink itemLink5\" href=\"https:\/\/aniga.me\/de\/wp-content\/themes\/anigame\/img\/sm\/b3\/SAO2_screen_6.jpg\" title=\"\" rel=\"lightbox\">\n\t\t<img class=\"landing-gallery-item-img\" src=\"\/de\/wp-content\/themes\/anigame\/img\/sm\/b3\/scr6_preview.png\" alt=\"6\" title=\"6\" \/>\n\t<\/a>\n\t<a class=\"landing-gallery-itemLink itemLink6\" href=\"https:\/\/aniga.me\/de\/wp-content\/themes\/anigame\/img\/sm\/b3\/SAO2_screen_7.jpg\" title=\"\" rel=\"lightbox\">\n\t\t<img class=\"landing-gallery-item-img\" src=\"\/de\/wp-content\/themes\/anigame\/img\/sm\/b3\/scr7_preview.png\" alt=\"7\" title=\"7\" \/>\n\t<\/a>\n\t<a class=\"landing-gallery-itemLink itemLink7\" href=\"https:\/\/aniga.me\/de\/wp-content\/themes\/anigame\/img\/sm\/b3\/SAO2_screen_8.jpg\" title=\"\" rel=\"lightbox\">\n\t\t<img class=\"landing-gallery-item-img\" src=\"\/de\/wp-content\/themes\/anigame\/img\/sm\/b3\/scr8_preview.png\" alt=\"8\" title=\"8\" \/>\n\t<\/a>\n\t<a class=\"ar_l\"><\/a>\n\t<a class=\"ar_r\"><\/a>\n<\/div><\/div><\/div><\/div><div id=\"panel-25-0-0-3\" class=\"widget_text so-panel widget widget_custom_html panel-last-child\" data-index=\"3\" ><div class=\"widget_text block4 panel-widget-style panel-widget-style-for-25-0-0-3\" ><div class=\"textwidget custom-html-widget\"><p class=\"txt_underlay\">Sword Masters ist ein spannendes, lebendiges MMORPG, das die besten Aspekte dieses Genre vereint. Es ist nicht nur ein Spiel voller Funktionen, Optionen und herrlicher Landschaften, sondern auch eine Welt, in der dich Fallen und Herausforderungen erwarten, eine Welt voller Gefahren und Hindernisse, eine Welt, der du nicht gleichg\u00fcltig gegen\u00fcberstehen kannst. Eine vielf\u00e4ltige Spielweise und gut ausgewogene Klassen sind in eine epische Handlung eingebettet. Leite ein Team tapferer Helden, trainiere sie f\u00fcr den Kampf, verbessere ihre Ausr\u00fcstung und ihre Fertigkeiten und mach dich mit ihnen auf die Suche nach Abenteuern!<\/p>\n<div class=\"outer_her\">\n\t<img src=\"\/pl\/wp-content\/themes\/anigame\/img\/pl\/sm\/b4\/cells.png\">\n\t<span class=\"t1\">Faszinierende Handlung<\/span>\n\t<span class=\"t2\">Fesselndes, dynamisches Kampfsystem<\/span>\n\t<span class=\"t3\">Animation im Anime-Stil<\/span>\n\t<span class=\"t4\">Gruppen- und Solo-K\u00e4mpfe<\/span>\n\t<span class=\"t5\">Viele PvP- und PvE-Modi<\/span>\n<\/div>\n\n<a href=\"\/de\/swordmasters\/news-swordmasters\/\" class=\"news_link\"><\/a> <\/div><\/div><\/div><\/div><\/div><\/div>","protected":false},"excerpt":{"rendered":"<p>Um auf deinem Mobilger\u00e4t, Tablet oder Smartphone zu spielen, musst du nur die APK-Datei herunterladen, sie auf deinem Ger\u00e4t installieren und das Spiel starten! Dein gesamter Fortschritt vom Spielen der Browserversion wird auf deine Mobilversion des Spiels \u00fcbertragen. Auf unserer speziell dazu eingerichteten Seite kannst du die APK-Datei herunterladen und mehr erfahren. Sword Masters ist &hellip; <\/p>\n<p class=\"link-more\"><a href=\"https:\/\/aniga.me\/de\/swordmasters\/\" class=\"more-link\"><span class=\"screen-reader-text\">\u201eSword Masters\u201c<\/span> weiterlesen<\/a><\/p>\n","protected":false},"author":1,"featured_media":0,"parent":0,"menu_order":0,"comment_status":"closed","ping_status":"closed","template":"","meta":[],"_links":{"self":[{"href":"https:\/\/aniga.me\/de\/wp-json\/wp\/v2\/pages\/25"}],"collection":[{"href":"https:\/\/aniga.me\/de\/wp-json\/wp\/v2\/pages"}],"about":[{"href":"https:\/\/aniga.me\/de\/wp-json\/wp\/v2\/types\/page"}],"author":[{"embeddable":true,"href":"https:\/\/aniga.me\/de\/wp-json\/wp\/v2\/users\/1"}],"replies":[{"embeddable":true,"href":"https:\/\/aniga.me\/de\/wp-json\/wp\/v2\/comments?post=25"}],"version-history":[{"count":55,"href":"https:\/\/aniga.me\/de\/wp-json\/wp\/v2\/pages\/25\/revisions"}],"predecessor-version":[{"id":3292,"href":"https:\/\/aniga.me\/de\/wp-json\/wp\/v2\/pages\/25\/revisions\/3292"}],"wp:attachment":[{"href":"https:\/\/aniga.me\/de\/wp-json\/wp\/v2\/media?parent=25"}],"curies":[{"name":"wp","href":"https:\/\/api.w.org\/{rel}","templated":true}]}}